{"id":10300,"date":"2022-10-25T10:01:36","date_gmt":"2022-10-25T08:01:36","guid":{"rendered":"https:\/\/dake.es\/contacto\/"},"modified":"2023-10-30T10:41:39","modified_gmt":"2023-10-30T09:41:39","slug":"contacto","status":"publish","type":"page","link":"https:\/\/dk.pixeladas.com.es\/pt-pt\/contacto\/","title":{"rendered":"Contacto"},"content":{"rendered":"\n<div class=\"wp-block-group alignfull is-layout-constrained wp-container-core-group-is-layout-12243e0f wp-block-group-is-layout-constrained\"><div class=\"wp-block-group__inner-container\">\n<iframe data-src=\"https:\/\/www.google.com\/maps\/embed?pb=!1m18!1m12!1m3!1d2985.7065517122987!2d2.2689292152696936!3d41.553950579249225!2m3!1f0!2f0!3f0!3m2!1i1024!2i768!4f13.1!3m3!1m2!1s0x12a4b85b7dbfd59d%3A0x318220c252af8563!2sAv.%20del%20Riu%20Mogent%2C%2040%2C%2008170%20Montorn%C3%A8s%20del%20Vall%C3%A8s%2C%20Barcelona%2C%20Espa%C3%B1a!5e0!3m2!1ses!2sar!4v1657155791701!5m2!1ses!2sar\" width=\"100%\" height=\"550\" style=\"border:0;\" allowfullscreen=\"\" referrerpolicy=\"no-referrer-when-downgrade\" src=\"data:image\/svg+xml;base64,PHN2ZyB3aWR0aD0iMSIgaGVpZ2h0PSIxIiB4bWxucz0iaHR0cDovL3d3dy53My5vcmcvMjAwMC9zdmciPjwvc3ZnPg==\" class=\"lazyload\" data-load-mode=\"1\"><\/iframe>\n<\/div><\/div>\n\n<div class=\"wp-block-group is-layout-constrained wp-block-group-is-layout-constrained\"><div class=\"wp-block-group__inner-container\">\n<div class=\"wp-block-columns is-layout-flex wp-container-core-columns-is-layout-28f84493 wp-block-columns-is-layout-flex\">\n<div class=\"wp-block-column is-layout-flow wp-block-column-is-layout-flow\" style=\"flex-basis:33.33%\">\n<hr class=\"wp-block-separator has-alpha-channel-opacity is-style-wide mt-3\"\/>\n<\/div>\n\n\n\n<div class=\"wp-block-column is-layout-flow wp-block-column-is-layout-flow\" style=\"flex-basis:66.66%\">\n<h4 class=\"wp-block-heading\">Gostaria de visitar o nosso Showroom?<\/h4>\n\n\n\n<div class=\"wp-block-buttons is-layout-flex wp-block-buttons-is-layout-flex\">\n<div class=\"wp-block-button is-style-outline is-style-outline--1\"><a class=\"wp-block-button__link wp-element-button\" href=\"mailto:comercial@dake.es\" target=\"_blank\" rel=\"noreferrer noopener\">PEDIR UMA MARCA\u00c7\u00c3O: comercial@dake.es<\/a><\/div>\n<\/div>\n\n\n\n<p class=\"has-medium-font-size\"><br\/>Ou contacte os nossos escrit\u00f3rios<br\/><a href=\"tel:900293783\" target=\"_blank\" rel=\"noreferrer noopener\"> <i class=\"fa-solid fa-phone\"><\/i>  900 293 783<\/a><\/p>\n<\/div>\n<\/div>\n<\/div><\/div>\n\n<div class=\"wp-block-group alignfull is-layout-constrained wp-block-group-is-layout-constrained\" id=\"formulario\" style=\"padding-top:0;padding-bottom:0\"><div class=\"wp-block-group__inner-container\">\n<div class=\"wp-block-cover alignfull\"><span aria-hidden=\"true\" class=\"wp-block-cover__background has-ast-global-color-0-background-color has-background-dim-80 has-background-dim\"><\/span><img decoding=\"async\" width=\"1080\" height=\"566\" class=\"wp-block-cover__image-background wp-image-1622 lazyload\" alt=\"TRITURADORES\" data-src=\"https:\/\/dk.pixeladas.com.es\/wp-content\/uploads\/2022\/06\/TRITURADORES-02.jpeg\" data-object-fit=\"cover\" data-srcset=\"https:\/\/dk.pixeladas.com.es\/wp-content\/uploads\/2022\/06\/TRITURADORES-02.jpeg 1080w, https:\/\/dk.pixeladas.com.es\/wp-content\/uploads\/2022\/06\/TRITURADORES-02-300x157.jpeg 300w, https:\/\/dk.pixeladas.com.es\/wp-content\/uploads\/2022\/06\/TRITURADORES-02-600x314.jpeg 600w, https:\/\/dk.pixeladas.com.es\/wp-content\/uploads\/2022\/06\/TRITURADORES-02-64x34.jpeg 64w, https:\/\/dk.pixeladas.com.es\/wp-content\/uploads\/2022\/06\/TRITURADORES-02-1024x537.jpeg 1024w, https:\/\/dk.pixeladas.com.es\/wp-content\/uploads\/2022\/06\/TRITURADORES-02-768x402.jpeg 768w\" data-sizes=\"(max-width: 1080px) 100vw, 1080px\" src=\"data:image\/svg+xml;base64,PHN2ZyB3aWR0aD0iMSIgaGVpZ2h0PSIxIiB4bWxucz0iaHR0cDovL3d3dy53My5vcmcvMjAwMC9zdmciPjwvc3ZnPg==\" style=\"--smush-placeholder-width: 1080px; --smush-placeholder-aspect-ratio: 1080\/566;\" \/><div class=\"wp-block-cover__inner-container is-layout-flow wp-block-cover-is-layout-flow\">\n<div class=\"wp-block-columns is-layout-flex wp-container-core-columns-is-layout-28f84493 wp-block-columns-is-layout-flex\">\n<div class=\"wp-block-column is-layout-flow wp-block-column-is-layout-flow\">\n<div class=\"wp-block-contact-form-7-contact-form-selector\">\n<div class=\"wpcf7 no-js\" id=\"wpcf7-f37327-o1\" lang=\"pt-PT\" dir=\"ltr\" data-wpcf7-id=\"37327\">\n<div class=\"screen-reader-response\"><p role=\"status\" aria-live=\"polite\" aria-atomic=\"true\"><\/p> <ul><\/ul><\/div>\n<form action=\"\/pt-pt\/wp-json\/wp\/v2\/pages\/10300#wpcf7-f37327-o1\" method=\"post\" class=\"wpcf7-form init 1b6a1421db88 cmatic-conn cmatic-aud-2 cmatic-mapd0-0 cmatic-v097803 cmatic-sent-0 cmatic-total-2506\" aria-label=\"Formul\u00e1rio de contacto\" novalidate=\"novalidate\" data-status=\"init\">\n<fieldset class=\"hidden-fields-container\"><input type=\"hidden\" name=\"_wpcf7\" value=\"37327\" \/><input type=\"hidden\" name=\"_wpcf7_version\" value=\"6.1.5\" \/><input type=\"hidden\" name=\"_wpcf7_locale\" value=\"pt_PT\" \/><input type=\"hidden\" name=\"_wpcf7_unit_tag\" value=\"wpcf7-f37327-o1\" \/><input type=\"hidden\" name=\"_wpcf7_container_post\" value=\"0\" \/><input type=\"hidden\" name=\"_wpcf7_posted_data_hash\" value=\"\" \/><input type=\"hidden\" name=\"_wpcf7_recaptcha_response\" value=\"\" \/>\n<\/fieldset>\n<div class=\"content-form-contact p-5\">\n\t<div class=\"row mb-3\">\n\t\t<div class=\"col\">\n\t\t\t<h3 class=\"text-uppercase\">Deixe-nos a sua consulta\n\t\t\t<\/h3>\n\t\t<\/div>\n\t<\/div>\n\t<div class=\"row mb-3\">\n\t\t<div class=\"col-sm-12 col-md-6\">\n\t\t\t<p><span class=\"wpcf7-form-control-wrap\" data-name=\"your-name\"><input size=\"40\" maxlength=\"400\" class=\"wpcf7-form-control wpcf7-text wpcf7-validates-as-required\" id=\"fullname\" aria-required=\"true\" aria-invalid=\"false\" placeholder=\"NOME COMPLETO\" value=\"\" type=\"text\" name=\"your-name\" \/><\/span>\n\t\t\t<\/p>\n\t\t<\/div>\n\t\t<div class=\"col-sm-12 col-md-6 text-right\">\n\t\t\t<p><span class=\"wpcf7-form-control-wrap\" data-name=\"your-email\"><input size=\"40\" maxlength=\"400\" class=\"wpcf7-form-control wpcf7-email wpcf7-validates-as-required wpcf7-text wpcf7-validates-as-email\" id=\"email\" aria-required=\"true\" aria-invalid=\"false\" placeholder=\"CORREIO ELETR\u00d3NICO\" value=\"\" type=\"email\" name=\"your-email\" \/><\/span>\n\t\t\t<\/p>\n\t\t<\/div>\n\t<\/div>\n\t<div class=\"row mb-3\">\n\t\t<div class=\"col\">\n\t\t\t<p><span class=\"wpcf7-form-control-wrap\" data-name=\"your-subject\"><input size=\"40\" maxlength=\"400\" class=\"wpcf7-form-control wpcf7-text wpcf7-validates-as-required message\" id=\"subject\" aria-required=\"true\" aria-invalid=\"false\" placeholder=\"ASUNTO\" value=\"\" type=\"text\" name=\"your-subject\" \/><\/span>\n\t\t\t<\/p>\n\t\t<\/div>\n\t<\/div>\n\t<div class=\"row mb-3\">\n\t\t<div class=\"col\">\n\t\t\t<p><span class=\"wpcf7-form-control-wrap\" data-name=\"your-message\"><textarea cols=\"40\" rows=\"10\" maxlength=\"2000\" class=\"wpcf7-form-control wpcf7-textarea wpcf7-validates-as-required message\" id=\"message\" aria-required=\"true\" aria-invalid=\"false\" placeholder=\"MENSAGEM\" name=\"your-message\"><\/textarea><\/span>\n\t\t\t<\/p>\n\t\t<\/div>\n\t<\/div>\n\t<div class=\"row\">\n\t\t<div class=\"col\">\n\t\t\t<p><input class=\"wpcf7-form-control wpcf7-submit has-spinner\" type=\"submit\" value=\"ENVIAR\" \/>\n\t\t\t<\/p>\n\t\t<\/div>\n\t<\/div>\n<\/div><div class=\"wpcf7-response-output\" aria-hidden=\"true\"><\/div>\n<\/form>\n<\/div>\n<\/div>\n<\/div>\n<\/div>\n<\/div><\/div>\n<\/div><\/div>\n","protected":false},"excerpt":{"rendered":"<p>Gostaria de visitar o nosso Showroom? Ou contacte os nossos escrit\u00f3rios 900 293 783<\/p>\n","protected":false},"author":1,"featured_media":44165,"parent":0,"menu_order":0,"comment_status":"closed","ping_status":"closed","template":"template-pages\/layout-01.php","meta":{"site-sidebar-layout":"no-sidebar","site-content-layout":"plain-container","ast-site-content-layout":"normal-width-container","site-content-style":"unboxed","site-sidebar-style":"unboxed","ast-global-header-display":"","ast-banner-title-visibility":"","ast-main-header-display":"","ast-hfb-above-header-display":"","ast-hfb-below-header-display":"","ast-hfb-mobile-header-display":"","site-post-title":"disabled","ast-breadcrumbs-content":"","ast-featured-img":"disabled","footer-sml-layout":"","ast-disable-related-posts":"","theme-transparent-header-meta":"default","adv-header-id-meta":"","stick-header-meta":"default","header-above-stick-meta":"","header-main-stick-meta":"disabled","header-below-stick-meta":"","astra-migrate-meta-layouts":"default","ast-page-background-enabled":"default","ast-page-background-meta":{"desktop":{"background-color":"","background-image":"","background-repeat":"repeat","background-position":"center center","background-size":"auto","background-attachment":"scroll","background-type":"","background-media":"","overlay-type":"","overlay-color":"","overlay-opacity":"","overlay-gradient":""},"tablet":{"background-color":"","background-image":"","background-repeat":"repeat","background-position":"center center","background-size":"auto","background-attachment":"scroll","background-type":"","background-media":"","overlay-type":"","overlay-color":"","overlay-opacity":"","overlay-gradient":""},"mobile":{"background-color":"","background-image":"","background-repeat":"repeat","background-position":"center center","background-size":"auto","background-attachment":"scroll","background-type":"","background-media":"","overlay-type":"","overlay-color":"","overlay-opacity":"","overlay-gradient":""}},"ast-content-background-meta":{"desktop":{"background-color":"var(--ast-global-color-5)","background-image":"","background-repeat":"repeat","background-position":"center center","background-size":"auto","background-attachment":"scroll","background-type":"","background-media":"","overlay-type":"","overlay-color":"","overlay-opacity":"","overlay-gradient":""},"tablet":{"background-color":"var(--ast-global-color-5)","background-image":"","background-repeat":"repeat","background-position":"center center","background-size":"auto","background-attachment":"scroll","background-type":"","background-media":"","overlay-type":"","overlay-color":"","overlay-opacity":"","overlay-gradient":""},"mobile":{"background-color":"var(--ast-global-color-5)","background-image":"","background-repeat":"repeat","background-position":"center center","background-size":"auto","background-attachment":"scroll","background-type":"","background-media":"","overlay-type":"","overlay-color":"","overlay-opacity":"","overlay-gradient":""}},"footnotes":""},"class_list":["post-10300","page","type-page","status-publish","has-post-thumbnail","hentry"],"yoast_head":"<!-- This site is optimized with the Yoast SEO plugin v27.5 - https:\/\/yoast.com\/product\/yoast-seo-wordpress\/ -->\n<title>Contacto | DAKE<\/title>\n<meta name=\"description\" content=\"Contacte-nos por telefone, e-mail ou visite o nosso SHOWROOM DAKE. Viva a sua experi\u00eancia DAKE, paix\u00e3o pela cozinha.\" \/>\n<meta name=\"robots\" content=\"noindex, follow, max-snippet:-1, max-image-preview:large, max-video-preview:-1\" \/>\n<meta property=\"og:locale\" content=\"pt_PT\" \/>\n<meta property=\"og:type\" content=\"article\" \/>\n<meta property=\"og:title\" content=\"Contacto | DAKE\" \/>\n<meta property=\"og:description\" content=\"Contacte-nos por telefone, e-mail ou visite o nosso SHOWROOM DAKE. Viva a sua experi\u00eancia DAKE, paix\u00e3o pela cozinha.\" \/>\n<meta property=\"og:url\" content=\"https:\/\/dk.pixeladas.com.es\/contacto\/\" \/>\n<meta property=\"og:site_name\" content=\"DAKE\" \/>\n<meta property=\"article:modified_time\" content=\"2023-10-30T09:41:39+00:00\" \/>\n<meta property=\"og:image\" content=\"https:\/\/dk.pixeladas.com.es\/wp-content\/uploads\/2023\/01\/DAKE-0232-1-scaled-e1674919438936.jpg\" \/>\n\t<meta property=\"og:image:width\" content=\"2560\" \/>\n\t<meta property=\"og:image:height\" content=\"1504\" \/>\n\t<meta property=\"og:image:type\" content=\"image\/jpeg\" \/>\n<meta name=\"twitter:card\" content=\"summary_large_image\" \/>\n<meta name=\"twitter:label1\" content=\"Tempo estimado de leitura\" \/>\n\t<meta name=\"twitter:data1\" content=\"1 minuto\" \/>\n<script type=\"application\/ld+json\" class=\"yoast-schema-graph\">{\"@context\":\"https:\\\/\\\/schema.org\",\"@graph\":[{\"@type\":\"WebPage\",\"@id\":\"https:\\\/\\\/dk.pixeladas.com.es\\\/contacto\\\/\",\"url\":\"https:\\\/\\\/dk.pixeladas.com.es\\\/contacto\\\/\",\"name\":\"Contacto | DAKE\",\"isPartOf\":{\"@id\":\"https:\\\/\\\/dk.pixeladas.com.es\\\/#website\"},\"primaryImageOfPage\":{\"@id\":\"https:\\\/\\\/dk.pixeladas.com.es\\\/contacto\\\/#primaryimage\"},\"image\":{\"@id\":\"https:\\\/\\\/dk.pixeladas.com.es\\\/contacto\\\/#primaryimage\"},\"thumbnailUrl\":\"https:\\\/\\\/dk.pixeladas.com.es\\\/wp-content\\\/uploads\\\/2023\\\/01\\\/DAKE-0232-1-scaled-e1674919438936.jpg\",\"datePublished\":\"2022-10-25T08:01:36+00:00\",\"dateModified\":\"2023-10-30T09:41:39+00:00\",\"description\":\"Contacte-nos por telefone, e-mail ou visite o nosso SHOWROOM DAKE. Viva a sua experi\u00eancia DAKE, paix\u00e3o pela cozinha.\",\"breadcrumb\":{\"@id\":\"https:\\\/\\\/dk.pixeladas.com.es\\\/contacto\\\/#breadcrumb\"},\"inLanguage\":\"pt-PT\",\"potentialAction\":[{\"@type\":\"ReadAction\",\"target\":[\"https:\\\/\\\/dk.pixeladas.com.es\\\/contacto\\\/\"]}]},{\"@type\":\"ImageObject\",\"inLanguage\":\"pt-PT\",\"@id\":\"https:\\\/\\\/dk.pixeladas.com.es\\\/contacto\\\/#primaryimage\",\"url\":\"https:\\\/\\\/dk.pixeladas.com.es\\\/wp-content\\\/uploads\\\/2023\\\/01\\\/DAKE-0232-1-scaled-e1674919438936.jpg\",\"contentUrl\":\"https:\\\/\\\/dk.pixeladas.com.es\\\/wp-content\\\/uploads\\\/2023\\\/01\\\/DAKE-0232-1-scaled-e1674919438936.jpg\",\"width\":2560,\"height\":953},{\"@type\":\"BreadcrumbList\",\"@id\":\"https:\\\/\\\/dk.pixeladas.com.es\\\/contacto\\\/#breadcrumb\",\"itemListElement\":[{\"@type\":\"ListItem\",\"position\":1,\"name\":\"Portada\",\"item\":\"https:\\\/\\\/dk.pixeladas.com.es\\\/pt-pt\\\/\"},{\"@type\":\"ListItem\",\"position\":2,\"name\":\"Contacto\"}]},{\"@type\":\"WebSite\",\"@id\":\"https:\\\/\\\/dk.pixeladas.com.es\\\/#website\",\"url\":\"https:\\\/\\\/dk.pixeladas.com.es\\\/\",\"name\":\"DAKE\",\"description\":\"&lt;strong&gt;Pasi\u00f3n por la cocina:&lt;\\\/strong&gt; En DAKE, la pasi\u00f3n por la cocina es el motor que impulsa su trabajo. Creen que la cocina es el coraz\u00f3n del hogar, un espacio donde se crean momentos \u00fanicos y se comparten experiencias inolvidables. Por ello, se esfuerzan por ofrecer productos y servicios que ayuden a sus clientes a crear cocinas funcionales, bellas y duraderas.&lt;br&gt;&lt;strong&gt;Compromiso con la calidad:&lt;\\\/strong&gt; DAKE est\u00e1 comprometida con la calidad en todos los aspectos de su negocio. Seleccionan cuidadosamente los materiales y componentes de sus productos, y trabajan con proveedores de reconocido prestigio.&lt;br&gt;&lt;strong&gt;Innovaci\u00f3n y dise\u00f1o:&lt;\\\/strong&gt; DAKE apuesta por la innovaci\u00f3n y el dise\u00f1o en sus productos. Ofrecen una amplia gama de cocinas modernas y vanguardistas que se adaptan a las necesidades y gustos de cada cliente.&lt;br&gt;&lt;strong&gt;Atenci\u00f3n al cliente:&lt;\\\/strong&gt; En DAKE, el cliente es lo primero. Ofrecen un servicio de atenci\u00f3n al cliente personalizado y cercano, con el objetivo de satisfacer todas las necesidades de sus clientes. Adem\u00e1s, cuentan con una amplia red de distribuidores y puntos de venta en toda Espa\u00f1a, lo que les permite estar cerca de sus clientes y ofrecerles un servicio r\u00e1pido y eficaz.&lt;br&gt;&lt;strong&gt;Su pasi\u00f3n por la cocina, su compromiso con la calidad, su apuesta por la innovaci\u00f3n y el dise\u00f1o, y su atenci\u00f3n al cliente la convierten en la mejor opci\u00f3n para aquellos que buscan crear una cocina \u00fanica y especial.&lt;\\\/strong&gt;\",\"publisher\":{\"@id\":\"https:\\\/\\\/dk.pixeladas.com.es\\\/#organization\"},\"potentialAction\":[{\"@type\":\"SearchAction\",\"target\":{\"@type\":\"EntryPoint\",\"urlTemplate\":\"https:\\\/\\\/dk.pixeladas.com.es\\\/?s={search_term_string}\"},\"query-input\":{\"@type\":\"PropertyValueSpecification\",\"valueRequired\":true,\"valueName\":\"search_term_string\"}}],\"inLanguage\":\"pt-PT\"},{\"@type\":\"Organization\",\"@id\":\"https:\\\/\\\/dk.pixeladas.com.es\\\/#organization\",\"name\":\"DAKE\",\"url\":\"https:\\\/\\\/dk.pixeladas.com.es\\\/\",\"logo\":{\"@type\":\"ImageObject\",\"inLanguage\":\"pt-PT\",\"@id\":\"https:\\\/\\\/dk.pixeladas.com.es\\\/#\\\/schema\\\/logo\\\/image\\\/\",\"url\":\"https:\\\/\\\/dk.pixeladas.com.es\\\/wp-content\\\/uploads\\\/2023\\\/09\\\/DAKE-ES.svg\",\"contentUrl\":\"https:\\\/\\\/dk.pixeladas.com.es\\\/wp-content\\\/uploads\\\/2023\\\/09\\\/DAKE-ES.svg\",\"caption\":\"DAKE\"},\"image\":{\"@id\":\"https:\\\/\\\/dk.pixeladas.com.es\\\/#\\\/schema\\\/logo\\\/image\\\/\"}}]}<\/script>\n<!-- \/ Yoast SEO plugin. -->","yoast_head_json":{"title":"Contacto | DAKE","description":"Contacte-nos por telefone, e-mail ou visite o nosso SHOWROOM DAKE. Viva a sua experi\u00eancia DAKE, paix\u00e3o pela cozinha.","robots":{"index":"noindex","follow":"follow","max-snippet":"max-snippet:-1","max-image-preview":"max-image-preview:large","max-video-preview":"max-video-preview:-1"},"og_locale":"pt_PT","og_type":"article","og_title":"Contacto | DAKE","og_description":"Contacte-nos por telefone, e-mail ou visite o nosso SHOWROOM DAKE. Viva a sua experi\u00eancia DAKE, paix\u00e3o pela cozinha.","og_url":"https:\/\/dk.pixeladas.com.es\/contacto\/","og_site_name":"DAKE","article_modified_time":"2023-10-30T09:41:39+00:00","og_image":[{"width":2560,"height":1504,"url":"https:\/\/dk.pixeladas.com.es\/wp-content\/uploads\/2023\/01\/DAKE-0232-1-scaled-e1674919438936.jpg","type":"image\/jpeg"}],"twitter_card":"summary_large_image","twitter_misc":{"Tempo estimado de leitura":"1 minuto"},"schema":{"@context":"https:\/\/schema.org","@graph":[{"@type":"WebPage","@id":"https:\/\/dk.pixeladas.com.es\/contacto\/","url":"https:\/\/dk.pixeladas.com.es\/contacto\/","name":"Contacto | DAKE","isPartOf":{"@id":"https:\/\/dk.pixeladas.com.es\/#website"},"primaryImageOfPage":{"@id":"https:\/\/dk.pixeladas.com.es\/contacto\/#primaryimage"},"image":{"@id":"https:\/\/dk.pixeladas.com.es\/contacto\/#primaryimage"},"thumbnailUrl":"https:\/\/dk.pixeladas.com.es\/wp-content\/uploads\/2023\/01\/DAKE-0232-1-scaled-e1674919438936.jpg","datePublished":"2022-10-25T08:01:36+00:00","dateModified":"2023-10-30T09:41:39+00:00","description":"Contacte-nos por telefone, e-mail ou visite o nosso SHOWROOM DAKE. Viva a sua experi\u00eancia DAKE, paix\u00e3o pela cozinha.","breadcrumb":{"@id":"https:\/\/dk.pixeladas.com.es\/contacto\/#breadcrumb"},"inLanguage":"pt-PT","potentialAction":[{"@type":"ReadAction","target":["https:\/\/dk.pixeladas.com.es\/contacto\/"]}]},{"@type":"ImageObject","inLanguage":"pt-PT","@id":"https:\/\/dk.pixeladas.com.es\/contacto\/#primaryimage","url":"https:\/\/dk.pixeladas.com.es\/wp-content\/uploads\/2023\/01\/DAKE-0232-1-scaled-e1674919438936.jpg","contentUrl":"https:\/\/dk.pixeladas.com.es\/wp-content\/uploads\/2023\/01\/DAKE-0232-1-scaled-e1674919438936.jpg","width":2560,"height":953},{"@type":"BreadcrumbList","@id":"https:\/\/dk.pixeladas.com.es\/contacto\/#breadcrumb","itemListElement":[{"@type":"ListItem","position":1,"name":"Portada","item":"https:\/\/dk.pixeladas.com.es\/pt-pt\/"},{"@type":"ListItem","position":2,"name":"Contacto"}]},{"@type":"WebSite","@id":"https:\/\/dk.pixeladas.com.es\/#website","url":"https:\/\/dk.pixeladas.com.es\/","name":"DAKE","description":"&lt;strong&gt;Pasi\u00f3n por la cocina:&lt;\/strong&gt; En DAKE, la pasi\u00f3n por la cocina es el motor que impulsa su trabajo. Creen que la cocina es el coraz\u00f3n del hogar, un espacio donde se crean momentos \u00fanicos y se comparten experiencias inolvidables. Por ello, se esfuerzan por ofrecer productos y servicios que ayuden a sus clientes a crear cocinas funcionales, bellas y duraderas.&lt;br&gt;&lt;strong&gt;Compromiso con la calidad:&lt;\/strong&gt; DAKE est\u00e1 comprometida con la calidad en todos los aspectos de su negocio. Seleccionan cuidadosamente los materiales y componentes de sus productos, y trabajan con proveedores de reconocido prestigio.&lt;br&gt;&lt;strong&gt;Innovaci\u00f3n y dise\u00f1o:&lt;\/strong&gt; DAKE apuesta por la innovaci\u00f3n y el dise\u00f1o en sus productos. Ofrecen una amplia gama de cocinas modernas y vanguardistas que se adaptan a las necesidades y gustos de cada cliente.&lt;br&gt;&lt;strong&gt;Atenci\u00f3n al cliente:&lt;\/strong&gt; En DAKE, el cliente es lo primero. Ofrecen un servicio de atenci\u00f3n al cliente personalizado y cercano, con el objetivo de satisfacer todas las necesidades de sus clientes. Adem\u00e1s, cuentan con una amplia red de distribuidores y puntos de venta en toda Espa\u00f1a, lo que les permite estar cerca de sus clientes y ofrecerles un servicio r\u00e1pido y eficaz.&lt;br&gt;&lt;strong&gt;Su pasi\u00f3n por la cocina, su compromiso con la calidad, su apuesta por la innovaci\u00f3n y el dise\u00f1o, y su atenci\u00f3n al cliente la convierten en la mejor opci\u00f3n para aquellos que buscan crear una cocina \u00fanica y especial.&lt;\/strong&gt;","publisher":{"@id":"https:\/\/dk.pixeladas.com.es\/#organization"},"potentialAction":[{"@type":"SearchAction","target":{"@type":"EntryPoint","urlTemplate":"https:\/\/dk.pixeladas.com.es\/?s={search_term_string}"},"query-input":{"@type":"PropertyValueSpecification","valueRequired":true,"valueName":"search_term_string"}}],"inLanguage":"pt-PT"},{"@type":"Organization","@id":"https:\/\/dk.pixeladas.com.es\/#organization","name":"DAKE","url":"https:\/\/dk.pixeladas.com.es\/","logo":{"@type":"ImageObject","inLanguage":"pt-PT","@id":"https:\/\/dk.pixeladas.com.es\/#\/schema\/logo\/image\/","url":"https:\/\/dk.pixeladas.com.es\/wp-content\/uploads\/2023\/09\/DAKE-ES.svg","contentUrl":"https:\/\/dk.pixeladas.com.es\/wp-content\/uploads\/2023\/09\/DAKE-ES.svg","caption":"DAKE"},"image":{"@id":"https:\/\/dk.pixeladas.com.es\/#\/schema\/logo\/image\/"}}]}},"_links":{"self":[{"href":"https:\/\/dk.pixeladas.com.es\/pt-pt\/wp-json\/wp\/v2\/pages\/10300","targetHints":{"allow":["GET"]}}],"collection":[{"href":"https:\/\/dk.pixeladas.com.es\/pt-pt\/wp-json\/wp\/v2\/pages"}],"about":[{"href":"https:\/\/dk.pixeladas.com.es\/pt-pt\/wp-json\/wp\/v2\/types\/page"}],"author":[{"embeddable":true,"href":"https:\/\/dk.pixeladas.com.es\/pt-pt\/wp-json\/wp\/v2\/users\/1"}],"replies":[{"embeddable":true,"href":"https:\/\/dk.pixeladas.com.es\/pt-pt\/wp-json\/wp\/v2\/comments?post=10300"}],"version-history":[{"count":0,"href":"https:\/\/dk.pixeladas.com.es\/pt-pt\/wp-json\/wp\/v2\/pages\/10300\/revisions"}],"wp:featuredmedia":[{"embeddable":true,"href":"https:\/\/dk.pixeladas.com.es\/pt-pt\/wp-json\/wp\/v2\/media\/44165"}],"wp:attachment":[{"href":"https:\/\/dk.pixeladas.com.es\/pt-pt\/wp-json\/wp\/v2\/media?parent=10300"}],"curies":[{"name":"wp","href":"https:\/\/api.w.org\/{rel}","templated":true}]}}