{"id":10340,"date":"2022-10-25T12:35:09","date_gmt":"2022-10-25T10:35:09","guid":{"rendered":"https:\/\/dake.es\/servicos\/"},"modified":"2022-10-25T12:35:10","modified_gmt":"2022-10-25T10:35:10","slug":"servicos","status":"publish","type":"page","link":"https:\/\/dk.pixeladas.com.es\/pt-pt\/servicos\/","title":{"rendered":"Servi\u00e7os"},"content":{"rendered":"\n<div class=\"wp-block-cover alignfull has-ast-global-color-0-background-color has-background-dim\" style=\"min-height:700px;aspect-ratio:unset;\"><img decoding=\"async\" width=\"1920\" height=\"1280\" class=\"wp-block-cover__image-background wp-image-757 lazyload\" alt=\"\" data-src=\"https:\/\/dk.pixeladas.com.es\/wp-content\/uploads\/2020\/08\/television-set.jpg\" data-object-fit=\"cover\" data-srcset=\"https:\/\/dk.pixeladas.com.es\/wp-content\/uploads\/2020\/08\/television-set.jpg 1920w, https:\/\/dk.pixeladas.com.es\/wp-content\/uploads\/2020\/08\/television-set-300x200.jpg 300w, https:\/\/dk.pixeladas.com.es\/wp-content\/uploads\/2020\/08\/television-set-600x400.jpg 600w, https:\/\/dk.pixeladas.com.es\/wp-content\/uploads\/2020\/08\/television-set-64x43.jpg 64w, https:\/\/dk.pixeladas.com.es\/wp-content\/uploads\/2020\/08\/television-set-1024x683.jpg 1024w, https:\/\/dk.pixeladas.com.es\/wp-content\/uploads\/2020\/08\/television-set-768x512.jpg 768w, https:\/\/dk.pixeladas.com.es\/wp-content\/uploads\/2020\/08\/television-set-1536x1024.jpg 1536w\" data-sizes=\"(max-width: 1920px) 100vw, 1920px\" src=\"data:image\/svg+xml;base64,PHN2ZyB3aWR0aD0iMSIgaGVpZ2h0PSIxIiB4bWxucz0iaHR0cDovL3d3dy53My5vcmcvMjAwMC9zdmciPjwvc3ZnPg==\" style=\"--smush-placeholder-width: 1920px; --smush-placeholder-aspect-ratio: 1920\/1280;\" \/><div class=\"wp-block-cover__inner-container is-layout-flow wp-block-cover-is-layout-flow\">\n<div class=\"wp-block-columns alignfull are-vertically-aligned-center is-layout-flex wp-container-core-columns-is-layout-28f84493 wp-block-columns-is-layout-flex\">\n<div class=\"wp-block-column is-vertically-aligned-center is-layout-flow wp-block-column-is-layout-flow\">\n<h1 class=\"has-white-color has-text-color wp-block-heading\">Services<\/h1>\n\n\n\n<p class=\"has-text-color\" style=\"color:#ffffff\">Pode usar algumas palavras sedutoras e mostrar as suas capacidades que atrair\u00e3o futuros clientes e os encorajar\u00e3o a contrat\u00e1-lo de imediato.<\/p>\n<\/div>\n\n\n\n<div class=\"wp-block-column is-vertically-aligned-center is-layout-flow wp-block-column-is-layout-flow\"><\/div>\n\n\n\n<div class=\"wp-block-column is-vertically-aligned-center is-layout-flow wp-block-column-is-layout-flow\"><\/div>\n<\/div>\n<\/div><\/div>\n\n<div class=\"wp-block-group alignfull has-ast-global-color-5-background-color has-background is-layout-flow wp-block-group-is-layout-flow\"><div class=\"wp-block-group__inner-container\">\n<div class=\"wp-block-media-text has-media-on-the-right is-stacked-on-mobile\" style=\"grid-template-columns:auto 34%\"><figure class=\"wp-block-media-text__media\"><img decoding=\"async\" width=\"400\" height=\"480\" data-src=\"https:\/\/dk.pixeladas.com.es\/wp-content\/uploads\/2020\/08\/dinning.jpg\" alt=\"\" class=\"wp-image-784 size-full lazyload\" data-srcset=\"https:\/\/dk.pixeladas.com.es\/wp-content\/uploads\/2020\/08\/dinning.jpg 400w, https:\/\/dk.pixeladas.com.es\/wp-content\/uploads\/2020\/08\/dinning-300x360.jpg 300w, https:\/\/dk.pixeladas.com.es\/wp-content\/uploads\/2020\/08\/dinning-64x77.jpg 64w, https:\/\/dk.pixeladas.com.es\/wp-content\/uploads\/2020\/08\/dinning-250x300.jpg 250w\" data-sizes=\"(max-width: 400px) 100vw, 400px\" src=\"data:image\/svg+xml;base64,PHN2ZyB3aWR0aD0iMSIgaGVpZ2h0PSIxIiB4bWxucz0iaHR0cDovL3d3dy53My5vcmcvMjAwMC9zdmciPjwvc3ZnPg==\" style=\"--smush-placeholder-width: 400px; --smush-placeholder-aspect-ratio: 400\/480;\" \/><\/figure><div class=\"wp-block-media-text__content\">\n<h3 class=\"wp-block-heading\">Um Resultado Final Exemplar<\/h3>\n\n\n\n<p>Um par\u00e1grafo descritivo que diz aos clientes o qu\u00e3o bom voc\u00ea \u00e9 e prova que \u00e9 o melhor<br\/>escolha que fizeram. Este par\u00e1grafo \u00e9 tamb\u00e9m para aqueles que procuram um designer de<br\/>interiores de confian\u00e7a.<\/p>\n\n\n\n<p>Pode usar algumas palavras sedutoras e mostrar as suas capacidades que atrair\u00e3o futuros clientes<br\/>e os encorajar\u00e3o a contrat\u00e1-lo de imediato. Lidero projectos do princ\u00edpio ao fim. Clique editar<br\/>para modificar este texto.<\/p>\n<\/div><\/div>\n<\/div><\/div>\n\n<div class=\"wp-block-group alignfull has-ast-global-color-4-background-color has-background is-layout-flow wp-block-group-is-layout-flow\"><div class=\"wp-block-group__inner-container\">\n<h3 class=\"wp-block-heading\">Os meus conhecimentos<\/h3>\n\n\n\n<div class=\"wp-block-columns is-layout-flex wp-container-core-columns-is-layout-28f84493 wp-block-columns-is-layout-flex\">\n<div class=\"wp-block-column is-layout-flow wp-block-column-is-layout-flow\">\n<h6 class=\"wp-block-heading\">01.<\/h6>\n\n\n\n<h4 class=\"wp-block-heading\">Desenho de Interiores<\/h4>\n\n\n\n<p>Lorem ipsum dolor sit amet, consectetur adipiscing elit. Ut elit tellus, luctus nec ullamcorper mattis, pulvinar dapibus leo.<\/p>\n<\/div>\n\n\n\n<div class=\"wp-block-column is-layout-flow wp-block-column-is-layout-flow\">\n<h6 class=\"wp-block-heading\">02.<\/h6>\n\n\n\n<h4 class=\"wp-block-heading\">Desenho &amp; Constru\u00e7\u00e3o<\/h4>\n\n\n\n<p>Lorem ipsum dolor sit amet, consectetur adipiscing elit. Ut elit tellus, luctus nec ullamcorper mattis, pulvinar dapibus leo.<\/p>\n<\/div>\n\n\n\n<div class=\"wp-block-column is-layout-flow wp-block-column-is-layout-flow\">\n<h6 class=\"wp-block-heading\">03.<\/h6>\n\n\n\n<h4 class=\"wp-block-heading\">Aquisi\u00e7\u00f5es<\/h4>\n\n\n\n<p>Lorem ipsum dolor sit amet, consectetur adipiscing elit. Ut elit tellus, luctus nec ullamcorper mattis, pulvinar dapibus leo.<\/p>\n<\/div>\n<\/div>\n\n\n\n<div class=\"wp-block-columns is-layout-flex wp-container-core-columns-is-layout-28f84493 wp-block-columns-is-layout-flex\">\n<div class=\"wp-block-column is-layout-flow wp-block-column-is-layout-flow\">\n<h6 class=\"wp-block-heading\">04.<\/h6>\n\n\n\n<h4 class=\"wp-block-heading\">Arquitectura<\/h4>\n\n\n\n<p>Lorem ipsum dolor sit amet, consectetur adipiscing elit. Ut elit tellus, luctus nec ullamcorper mattis, pulvinar dapibus leo.<\/p>\n<\/div>\n\n\n\n<div class=\"wp-block-column is-layout-flow wp-block-column-is-layout-flow\">\n<h6 class=\"wp-block-heading\">05.<\/h6>\n\n\n\n<h4 class=\"wp-block-heading\">Gest\u00e3o da Constru\u00e7\u00e3o<\/h4>\n\n\n\n<p>Lorem ipsum dolor sit amet, consectetur adipiscing elit. Ut elit tellus, luctus nec ullamcorper mattis, pulvinar dapibus leo.<\/p>\n<\/div>\n\n\n\n<div class=\"wp-block-column is-layout-flow wp-block-column-is-layout-flow\">\n<h6 class=\"wp-block-heading\">06.<\/h6>\n\n\n\n<h4 class=\"wp-block-heading\">Precisa de um trabalho personalizado?<\/h4>\n\n\n\n<div class=\"wp-block-buttons is-layout-flex wp-block-buttons-is-layout-flex\">\n<div class=\"wp-block-button\"><a class=\"wp-block-button__link\">Vamos Conversar<\/a><\/div>\n<\/div>\n<\/div>\n<\/div>\n<\/div><\/div>\n","protected":false},"excerpt":{"rendered":"<p>Um Resultado Final Exemplar Um par\u00e1grafo descritivo que diz aos clientes o qu\u00e3o bom voc\u00ea \u00e9 e prova que \u00e9 o melhorescolha que fizeram. Este par\u00e1grafo \u00e9 tamb\u00e9m para aqueles<\/p>\n","protected":false},"author":1,"featured_media":0,"parent":0,"menu_order":0,"comment_status":"closed","ping_status":"closed","template":"","meta":{"site-sidebar-layout":"no-sidebar","site-content-layout":"plain-container","ast-site-content-layout":"default","site-content-style":"default","site-sidebar-style":"default","ast-global-header-display":"","ast-banner-title-visibility":"","ast-main-header-display":"","ast-hfb-above-header-display":"","ast-hfb-below-header-display":"","ast-hfb-mobile-header-display":"","site-post-title":"disabled","ast-breadcrumbs-content":"","ast-featured-img":"disabled","footer-sml-layout":"","ast-disable-related-posts":"","theme-transparent-header-meta":"enabled","adv-header-id-meta":"","stick-header-meta":"","header-above-stick-meta":"","header-main-stick-meta":"","header-below-stick-meta":"","astra-migrate-meta-layouts":"default","ast-page-background-enabled":"default","ast-page-background-meta":{"desktop":{"background-color":"","background-image":"","background-repeat":"repeat","background-position":"center center","background-size":"auto","background-attachment":"scroll","background-type":"","background-media":"","overlay-type":"","overlay-color":"","overlay-opacity":"","overlay-gradient":""},"tablet":{"background-color":"","background-image":"","background-repeat":"repeat","background-position":"center center","background-size":"auto","background-attachment":"scroll","background-type":"","background-media":"","overlay-type":"","overlay-color":"","overlay-opacity":"","overlay-gradient":""},"mobile":{"background-color":"","background-image":"","background-repeat":"repeat","background-position":"center center","background-size":"auto","background-attachment":"scroll","background-type":"","background-media":"","overlay-type":"","overlay-color":"","overlay-opacity":"","overlay-gradient":""}},"ast-content-background-meta":{"desktop":{"background-color":"var(--ast-global-color-5)","background-image":"","background-repeat":"repeat","background-position":"center center","background-size":"auto","background-attachment":"scroll","background-type":"","background-media":"","overlay-type":"","overlay-color":"","overlay-opacity":"","overlay-gradient":""},"tablet":{"background-color":"var(--ast-global-color-5)","background-image":"","background-repeat":"repeat","background-position":"center center","background-size":"auto","background-attachment":"scroll","background-type":"","background-media":"","overlay-type":"","overlay-color":"","overlay-opacity":"","overlay-gradient":""},"mobile":{"background-color":"var(--ast-global-color-5)","background-image":"","background-repeat":"repeat","background-position":"center center","background-size":"auto","background-attachment":"scroll","background-type":"","background-media":"","overlay-type":"","overlay-color":"","overlay-opacity":"","overlay-gradient":""}},"footnotes":""},"class_list":["post-10340","page","type-page","status-publish","hentry"],"yoast_head":"<!-- This site is optimized with the Yoast SEO plugin v27.2 - https:\/\/yoast.com\/product\/yoast-seo-wordpress\/ -->\n<title>Servi\u00e7os | DAKE<\/title>\n<meta name=\"robots\" content=\"noindex, follow, max-snippet:-1, max-image-preview:large, max-video-preview:-1\" \/>\n<meta property=\"og:locale\" content=\"pt_PT\" \/>\n<meta property=\"og:type\" content=\"article\" \/>\n<meta property=\"og:title\" content=\"Servi\u00e7os | DAKE\" \/>\n<meta property=\"og:description\" content=\"Um Resultado Final Exemplar Um par\u00e1grafo descritivo que diz aos clientes o qu\u00e3o bom voc\u00ea \u00e9 e prova que \u00e9 o melhorescolha que fizeram. Este par\u00e1grafo \u00e9 tamb\u00e9m para aqueles\" \/>\n<meta property=\"og:url\" content=\"https:\/\/dk.pixeladas.com.es\/servicios\/\" \/>\n<meta property=\"og:site_name\" content=\"DAKE\" \/>\n<meta property=\"article:modified_time\" content=\"2022-10-25T10:35:10+00:00\" \/>\n<meta property=\"og:image\" content=\"https:\/\/dk.pixeladas.com.es\/wp-content\/uploads\/2020\/08\/television-set.jpg\" \/>\n<meta name=\"twitter:card\" content=\"summary_large_image\" \/>\n<meta name=\"twitter:label1\" content=\"Tempo estimado de leitura\" \/>\n\t<meta name=\"twitter:data1\" content=\"1 minuto\" \/>\n<script type=\"application\/ld+json\" class=\"yoast-schema-graph\">{\"@context\":\"https:\/\/schema.org\",\"@graph\":[{\"@type\":\"WebPage\",\"@id\":\"https:\/\/dk.pixeladas.com.es\/servicios\/\",\"url\":\"https:\/\/dk.pixeladas.com.es\/servicios\/\",\"name\":\"Servi\u00e7os | DAKE\",\"isPartOf\":{\"@id\":\"https:\/\/dk.pixeladas.com.es\/#website\"},\"primaryImageOfPage\":{\"@id\":\"https:\/\/dk.pixeladas.com.es\/servicios\/#primaryimage\"},\"image\":{\"@id\":\"https:\/\/dk.pixeladas.com.es\/servicios\/#primaryimage\"},\"thumbnailUrl\":\"https:\/\/dk.pixeladas.com.es\/wp-content\/uploads\/2020\/08\/television-set.jpg\",\"datePublished\":\"2022-10-25T10:35:09+00:00\",\"dateModified\":\"2022-10-25T10:35:10+00:00\",\"breadcrumb\":{\"@id\":\"https:\/\/dk.pixeladas.com.es\/servicios\/#breadcrumb\"},\"inLanguage\":\"pt-PT\",\"potentialAction\":[{\"@type\":\"ReadAction\",\"target\":[\"https:\/\/dk.pixeladas.com.es\/servicios\/\"]}]},{\"@type\":\"ImageObject\",\"inLanguage\":\"pt-PT\",\"@id\":\"https:\/\/dk.pixeladas.com.es\/servicios\/#primaryimage\",\"url\":\"https:\/\/dk.pixeladas.com.es\/wp-content\/uploads\/2020\/08\/television-set.jpg\",\"contentUrl\":\"https:\/\/dk.pixeladas.com.es\/wp-content\/uploads\/2020\/08\/television-set.jpg\"},{\"@type\":\"BreadcrumbList\",\"@id\":\"https:\/\/dk.pixeladas.com.es\/servicios\/#breadcrumb\",\"itemListElement\":[{\"@type\":\"ListItem\",\"position\":1,\"name\":\"Portada\",\"item\":\"https:\/\/dk.pixeladas.com.es\/pt-pt\/\"},{\"@type\":\"ListItem\",\"position\":2,\"name\":\"Servi\u00e7os\"}]},{\"@type\":\"WebSite\",\"@id\":\"https:\/\/dk.pixeladas.com.es\/#website\",\"url\":\"https:\/\/dk.pixeladas.com.es\/\",\"name\":\"DAKE\",\"description\":\"&lt;strong&gt;Pasi\u00f3n por la cocina:&lt;\/strong&gt; En DAKE, la pasi\u00f3n por la cocina es el motor que impulsa su trabajo. Creen que la cocina es el coraz\u00f3n del hogar, un espacio donde se crean momentos \u00fanicos y se comparten experiencias inolvidables. Por ello, se esfuerzan por ofrecer productos y servicios que ayuden a sus clientes a crear cocinas funcionales, bellas y duraderas.&lt;br&gt;&lt;strong&gt;Compromiso con la calidad:&lt;\/strong&gt; DAKE est\u00e1 comprometida con la calidad en todos los aspectos de su negocio. Seleccionan cuidadosamente los materiales y componentes de sus productos, y trabajan con proveedores de reconocido prestigio.&lt;br&gt;&lt;strong&gt;Innovaci\u00f3n y dise\u00f1o:&lt;\/strong&gt; DAKE apuesta por la innovaci\u00f3n y el dise\u00f1o en sus productos. Ofrecen una amplia gama de cocinas modernas y vanguardistas que se adaptan a las necesidades y gustos de cada cliente.&lt;br&gt;&lt;strong&gt;Atenci\u00f3n al cliente:&lt;\/strong&gt; En DAKE, el cliente es lo primero. Ofrecen un servicio de atenci\u00f3n al cliente personalizado y cercano, con el objetivo de satisfacer todas las necesidades de sus clientes. Adem\u00e1s, cuentan con una amplia red de distribuidores y puntos de venta en toda Espa\u00f1a, lo que les permite estar cerca de sus clientes y ofrecerles un servicio r\u00e1pido y eficaz.&lt;br&gt;&lt;strong&gt;Su pasi\u00f3n por la cocina, su compromiso con la calidad, su apuesta por la innovaci\u00f3n y el dise\u00f1o, y su atenci\u00f3n al cliente la convierten en la mejor opci\u00f3n para aquellos que buscan crear una cocina \u00fanica y especial.&lt;\/strong&gt;\",\"publisher\":{\"@id\":\"https:\/\/dk.pixeladas.com.es\/#organization\"},\"potentialAction\":[{\"@type\":\"SearchAction\",\"target\":{\"@type\":\"EntryPoint\",\"urlTemplate\":\"https:\/\/dk.pixeladas.com.es\/?s={search_term_string}\"},\"query-input\":{\"@type\":\"PropertyValueSpecification\",\"valueRequired\":true,\"valueName\":\"search_term_string\"}}],\"inLanguage\":\"pt-PT\"},{\"@type\":\"Organization\",\"@id\":\"https:\/\/dk.pixeladas.com.es\/#organization\",\"name\":\"DAKE\",\"url\":\"https:\/\/dk.pixeladas.com.es\/\",\"logo\":{\"@type\":\"ImageObject\",\"inLanguage\":\"pt-PT\",\"@id\":\"https:\/\/dk.pixeladas.com.es\/#\/schema\/logo\/image\/\",\"url\":\"https:\/\/dk.pixeladas.com.es\/wp-content\/uploads\/2023\/09\/DAKE-ES.svg\",\"contentUrl\":\"https:\/\/dk.pixeladas.com.es\/wp-content\/uploads\/2023\/09\/DAKE-ES.svg\",\"caption\":\"DAKE\"},\"image\":{\"@id\":\"https:\/\/dk.pixeladas.com.es\/#\/schema\/logo\/image\/\"}}]}<\/script>\n<!-- \/ Yoast SEO plugin. -->","yoast_head_json":{"title":"Servi\u00e7os | DAKE","robots":{"index":"noindex","follow":"follow","max-snippet":"max-snippet:-1","max-image-preview":"max-image-preview:large","max-video-preview":"max-video-preview:-1"},"og_locale":"pt_PT","og_type":"article","og_title":"Servi\u00e7os | DAKE","og_description":"Um Resultado Final Exemplar Um par\u00e1grafo descritivo que diz aos clientes o qu\u00e3o bom voc\u00ea \u00e9 e prova que \u00e9 o melhorescolha que fizeram. Este par\u00e1grafo \u00e9 tamb\u00e9m para aqueles","og_url":"https:\/\/dk.pixeladas.com.es\/servicios\/","og_site_name":"DAKE","article_modified_time":"2022-10-25T10:35:10+00:00","og_image":[{"url":"https:\/\/dk.pixeladas.com.es\/wp-content\/uploads\/2020\/08\/television-set.jpg","type":"","width":"","height":""}],"twitter_card":"summary_large_image","twitter_misc":{"Tempo estimado de leitura":"1 minuto"},"schema":{"@context":"https:\/\/schema.org","@graph":[{"@type":"WebPage","@id":"https:\/\/dk.pixeladas.com.es\/servicios\/","url":"https:\/\/dk.pixeladas.com.es\/servicios\/","name":"Servi\u00e7os | DAKE","isPartOf":{"@id":"https:\/\/dk.pixeladas.com.es\/#website"},"primaryImageOfPage":{"@id":"https:\/\/dk.pixeladas.com.es\/servicios\/#primaryimage"},"image":{"@id":"https:\/\/dk.pixeladas.com.es\/servicios\/#primaryimage"},"thumbnailUrl":"https:\/\/dk.pixeladas.com.es\/wp-content\/uploads\/2020\/08\/television-set.jpg","datePublished":"2022-10-25T10:35:09+00:00","dateModified":"2022-10-25T10:35:10+00:00","breadcrumb":{"@id":"https:\/\/dk.pixeladas.com.es\/servicios\/#breadcrumb"},"inLanguage":"pt-PT","potentialAction":[{"@type":"ReadAction","target":["https:\/\/dk.pixeladas.com.es\/servicios\/"]}]},{"@type":"ImageObject","inLanguage":"pt-PT","@id":"https:\/\/dk.pixeladas.com.es\/servicios\/#primaryimage","url":"https:\/\/dk.pixeladas.com.es\/wp-content\/uploads\/2020\/08\/television-set.jpg","contentUrl":"https:\/\/dk.pixeladas.com.es\/wp-content\/uploads\/2020\/08\/television-set.jpg"},{"@type":"BreadcrumbList","@id":"https:\/\/dk.pixeladas.com.es\/servicios\/#breadcrumb","itemListElement":[{"@type":"ListItem","position":1,"name":"Portada","item":"https:\/\/dk.pixeladas.com.es\/pt-pt\/"},{"@type":"ListItem","position":2,"name":"Servi\u00e7os"}]},{"@type":"WebSite","@id":"https:\/\/dk.pixeladas.com.es\/#website","url":"https:\/\/dk.pixeladas.com.es\/","name":"DAKE","description":"&lt;strong&gt;Pasi\u00f3n por la cocina:&lt;\/strong&gt; En DAKE, la pasi\u00f3n por la cocina es el motor que impulsa su trabajo. Creen que la cocina es el coraz\u00f3n del hogar, un espacio donde se crean momentos \u00fanicos y se comparten experiencias inolvidables. Por ello, se esfuerzan por ofrecer productos y servicios que ayuden a sus clientes a crear cocinas funcionales, bellas y duraderas.&lt;br&gt;&lt;strong&gt;Compromiso con la calidad:&lt;\/strong&gt; DAKE est\u00e1 comprometida con la calidad en todos los aspectos de su negocio. Seleccionan cuidadosamente los materiales y componentes de sus productos, y trabajan con proveedores de reconocido prestigio.&lt;br&gt;&lt;strong&gt;Innovaci\u00f3n y dise\u00f1o:&lt;\/strong&gt; DAKE apuesta por la innovaci\u00f3n y el dise\u00f1o en sus productos. Ofrecen una amplia gama de cocinas modernas y vanguardistas que se adaptan a las necesidades y gustos de cada cliente.&lt;br&gt;&lt;strong&gt;Atenci\u00f3n al cliente:&lt;\/strong&gt; En DAKE, el cliente es lo primero. Ofrecen un servicio de atenci\u00f3n al cliente personalizado y cercano, con el objetivo de satisfacer todas las necesidades de sus clientes. Adem\u00e1s, cuentan con una amplia red de distribuidores y puntos de venta en toda Espa\u00f1a, lo que les permite estar cerca de sus clientes y ofrecerles un servicio r\u00e1pido y eficaz.&lt;br&gt;&lt;strong&gt;Su pasi\u00f3n por la cocina, su compromiso con la calidad, su apuesta por la innovaci\u00f3n y el dise\u00f1o, y su atenci\u00f3n al cliente la convierten en la mejor opci\u00f3n para aquellos que buscan crear una cocina \u00fanica y especial.&lt;\/strong&gt;","publisher":{"@id":"https:\/\/dk.pixeladas.com.es\/#organization"},"potentialAction":[{"@type":"SearchAction","target":{"@type":"EntryPoint","urlTemplate":"https:\/\/dk.pixeladas.com.es\/?s={search_term_string}"},"query-input":{"@type":"PropertyValueSpecification","valueRequired":true,"valueName":"search_term_string"}}],"inLanguage":"pt-PT"},{"@type":"Organization","@id":"https:\/\/dk.pixeladas.com.es\/#organization","name":"DAKE","url":"https:\/\/dk.pixeladas.com.es\/","logo":{"@type":"ImageObject","inLanguage":"pt-PT","@id":"https:\/\/dk.pixeladas.com.es\/#\/schema\/logo\/image\/","url":"https:\/\/dk.pixeladas.com.es\/wp-content\/uploads\/2023\/09\/DAKE-ES.svg","contentUrl":"https:\/\/dk.pixeladas.com.es\/wp-content\/uploads\/2023\/09\/DAKE-ES.svg","caption":"DAKE"},"image":{"@id":"https:\/\/dk.pixeladas.com.es\/#\/schema\/logo\/image\/"}}]}},"_links":{"self":[{"href":"https:\/\/dk.pixeladas.com.es\/pt-pt\/wp-json\/wp\/v2\/pages\/10340","targetHints":{"allow":["GET"]}}],"collection":[{"href":"https:\/\/dk.pixeladas.com.es\/pt-pt\/wp-json\/wp\/v2\/pages"}],"about":[{"href":"https:\/\/dk.pixeladas.com.es\/pt-pt\/wp-json\/wp\/v2\/types\/page"}],"author":[{"embeddable":true,"href":"https:\/\/dk.pixeladas.com.es\/pt-pt\/wp-json\/wp\/v2\/users\/1"}],"replies":[{"embeddable":true,"href":"https:\/\/dk.pixeladas.com.es\/pt-pt\/wp-json\/wp\/v2\/comments?post=10340"}],"version-history":[{"count":0,"href":"https:\/\/dk.pixeladas.com.es\/pt-pt\/wp-json\/wp\/v2\/pages\/10340\/revisions"}],"wp:attachment":[{"href":"https:\/\/dk.pixeladas.com.es\/pt-pt\/wp-json\/wp\/v2\/media?parent=10340"}],"curies":[{"name":"wp","href":"https:\/\/api.w.org\/{rel}","templated":true}]}}