{"id":52714,"date":"2023-03-24T10:44:48","date_gmt":"2023-03-24T09:44:48","guid":{"rendered":"https:\/\/dake.es\/minha-lista-de-produtos\/"},"modified":"2023-03-24T10:45:15","modified_gmt":"2023-03-24T09:45:15","slug":"wishlist","status":"publish","type":"page","link":"https:\/\/dk.pixeladas.com.es\/pt-pt\/wishlist\/","title":{"rendered":"Minha lista de produtos"},"content":{"rendered":"<p>[yith_wcwl_wishlist]<\/p>\n","protected":false},"excerpt":{"rendered":"","protected":false},"author":1,"featured_media":0,"parent":0,"menu_order":0,"comment_status":"closed","ping_status":"closed","template":"","meta":{"site-sidebar-layout":"default","site-content-layout":"","ast-site-content-layout":"default","site-content-style":"default","site-sidebar-style":"default","ast-global-header-display":"","ast-banner-title-visibility":"","ast-main-header-display":"","ast-hfb-above-header-display":"","ast-hfb-below-header-display":"","ast-hfb-mobile-header-display":"","site-post-title":"disabled","ast-breadcrumbs-content":"","ast-featured-img":"","footer-sml-layout":"","ast-disable-related-posts":"","theme-transparent-header-meta":"","adv-header-id-meta":"","stick-header-meta":"","header-above-stick-meta":"","header-main-stick-meta":"","header-below-stick-meta":"","astra-migrate-meta-layouts":"default","ast-page-background-enabled":"default","ast-page-background-meta":{"desktop":{"background-color":"","background-image":"","background-repeat":"repeat","background-position":"center center","background-size":"auto","background-attachment":"scroll","background-type":"","background-media":"","overlay-type":"","overlay-color":"","overlay-opacity":"","overlay-gradient":""},"tablet":{"background-color":"","background-image":"","background-repeat":"repeat","background-position":"center center","background-size":"auto","background-attachment":"scroll","background-type":"","background-media":"","overlay-type":"","overlay-color":"","overlay-opacity":"","overlay-gradient":""},"mobile":{"background-color":"","background-image":"","background-repeat":"repeat","background-position":"center center","background-size":"auto","background-attachment":"scroll","background-type":"","background-media":"","overlay-type":"","overlay-color":"","overlay-opacity":"","overlay-gradient":""}},"ast-content-background-meta":{"desktop":{"background-color":"var(--ast-global-color-5)","background-image":"","background-repeat":"repeat","background-position":"center center","background-size":"auto","background-attachment":"scroll","background-type":"","background-media":"","overlay-type":"","overlay-color":"","overlay-opacity":"","overlay-gradient":""},"tablet":{"background-color":"var(--ast-global-color-5)","background-image":"","background-repeat":"repeat","background-position":"center center","background-size":"auto","background-attachment":"scroll","background-type":"","background-media":"","overlay-type":"","overlay-color":"","overlay-opacity":"","overlay-gradient":""},"mobile":{"background-color":"var(--ast-global-color-5)","background-image":"","background-repeat":"repeat","background-position":"center center","background-size":"auto","background-attachment":"scroll","background-type":"","background-media":"","overlay-type":"","overlay-color":"","overlay-opacity":"","overlay-gradient":""}},"footnotes":""},"class_list":["post-52714","page","type-page","status-publish","hentry"],"yoast_head":"<!-- This site is optimized with the Yoast SEO plugin v27.2 - https:\/\/yoast.com\/product\/yoast-seo-wordpress\/ -->\n<title>Minha lista de produtos | DAKE<\/title>\n<meta name=\"robots\" content=\"noindex, follow, max-snippet:-1, max-image-preview:large, max-video-preview:-1\" \/>\n<meta property=\"og:locale\" content=\"pt_PT\" \/>\n<meta property=\"og:type\" content=\"article\" \/>\n<meta property=\"og:title\" content=\"Minha lista de produtos | DAKE\" \/>\n<meta property=\"og:url\" content=\"https:\/\/dk.pixeladas.com.es\/wishlist\/\" \/>\n<meta property=\"og:site_name\" content=\"DAKE\" \/>\n<meta property=\"article:modified_time\" content=\"2023-03-24T09:45:15+00:00\" \/>\n<meta name=\"twitter:card\" content=\"summary_large_image\" \/>\n<script type=\"application\/ld+json\" class=\"yoast-schema-graph\">{\"@context\":\"https:\/\/schema.org\",\"@graph\":[{\"@type\":\"WebPage\",\"@id\":\"https:\/\/dk.pixeladas.com.es\/wishlist\/\",\"url\":\"https:\/\/dk.pixeladas.com.es\/wishlist\/\",\"name\":\"Minha lista de produtos | DAKE\",\"isPartOf\":{\"@id\":\"https:\/\/dk.pixeladas.com.es\/#website\"},\"datePublished\":\"2023-03-24T09:44:48+00:00\",\"dateModified\":\"2023-03-24T09:45:15+00:00\",\"breadcrumb\":{\"@id\":\"https:\/\/dk.pixeladas.com.es\/wishlist\/#breadcrumb\"},\"inLanguage\":\"pt-PT\",\"potentialAction\":[{\"@type\":\"ReadAction\",\"target\":[\"https:\/\/dk.pixeladas.com.es\/wishlist\/\"]}]},{\"@type\":\"BreadcrumbList\",\"@id\":\"https:\/\/dk.pixeladas.com.es\/wishlist\/#breadcrumb\",\"itemListElement\":[{\"@type\":\"ListItem\",\"position\":1,\"name\":\"Portada\",\"item\":\"https:\/\/dk.pixeladas.com.es\/pt-pt\/\"},{\"@type\":\"ListItem\",\"position\":2,\"name\":\"Minha lista de produtos\"}]},{\"@type\":\"WebSite\",\"@id\":\"https:\/\/dk.pixeladas.com.es\/#website\",\"url\":\"https:\/\/dk.pixeladas.com.es\/\",\"name\":\"DAKE\",\"description\":\"&lt;strong&gt;Pasi\u00f3n por la cocina:&lt;\/strong&gt; En DAKE, la pasi\u00f3n por la cocina es el motor que impulsa su trabajo. Creen que la cocina es el coraz\u00f3n del hogar, un espacio donde se crean momentos \u00fanicos y se comparten experiencias inolvidables. Por ello, se esfuerzan por ofrecer productos y servicios que ayuden a sus clientes a crear cocinas funcionales, bellas y duraderas.&lt;br&gt;&lt;strong&gt;Compromiso con la calidad:&lt;\/strong&gt; DAKE est\u00e1 comprometida con la calidad en todos los aspectos de su negocio. Seleccionan cuidadosamente los materiales y componentes de sus productos, y trabajan con proveedores de reconocido prestigio.&lt;br&gt;&lt;strong&gt;Innovaci\u00f3n y dise\u00f1o:&lt;\/strong&gt; DAKE apuesta por la innovaci\u00f3n y el dise\u00f1o en sus productos. Ofrecen una amplia gama de cocinas modernas y vanguardistas que se adaptan a las necesidades y gustos de cada cliente.&lt;br&gt;&lt;strong&gt;Atenci\u00f3n al cliente:&lt;\/strong&gt; En DAKE, el cliente es lo primero. Ofrecen un servicio de atenci\u00f3n al cliente personalizado y cercano, con el objetivo de satisfacer todas las necesidades de sus clientes. Adem\u00e1s, cuentan con una amplia red de distribuidores y puntos de venta en toda Espa\u00f1a, lo que les permite estar cerca de sus clientes y ofrecerles un servicio r\u00e1pido y eficaz.&lt;br&gt;&lt;strong&gt;Su pasi\u00f3n por la cocina, su compromiso con la calidad, su apuesta por la innovaci\u00f3n y el dise\u00f1o, y su atenci\u00f3n al cliente la convierten en la mejor opci\u00f3n para aquellos que buscan crear una cocina \u00fanica y especial.&lt;\/strong&gt;\",\"publisher\":{\"@id\":\"https:\/\/dk.pixeladas.com.es\/#organization\"},\"potentialAction\":[{\"@type\":\"SearchAction\",\"target\":{\"@type\":\"EntryPoint\",\"urlTemplate\":\"https:\/\/dk.pixeladas.com.es\/?s={search_term_string}\"},\"query-input\":{\"@type\":\"PropertyValueSpecification\",\"valueRequired\":true,\"valueName\":\"search_term_string\"}}],\"inLanguage\":\"pt-PT\"},{\"@type\":\"Organization\",\"@id\":\"https:\/\/dk.pixeladas.com.es\/#organization\",\"name\":\"DAKE\",\"url\":\"https:\/\/dk.pixeladas.com.es\/\",\"logo\":{\"@type\":\"ImageObject\",\"inLanguage\":\"pt-PT\",\"@id\":\"https:\/\/dk.pixeladas.com.es\/#\/schema\/logo\/image\/\",\"url\":\"https:\/\/dk.pixeladas.com.es\/wp-content\/uploads\/2023\/09\/DAKE-ES.svg\",\"contentUrl\":\"https:\/\/dk.pixeladas.com.es\/wp-content\/uploads\/2023\/09\/DAKE-ES.svg\",\"caption\":\"DAKE\"},\"image\":{\"@id\":\"https:\/\/dk.pixeladas.com.es\/#\/schema\/logo\/image\/\"}}]}<\/script>\n<!-- \/ Yoast SEO plugin. -->","yoast_head_json":{"title":"Minha lista de produtos | DAKE","robots":{"index":"noindex","follow":"follow","max-snippet":"max-snippet:-1","max-image-preview":"max-image-preview:large","max-video-preview":"max-video-preview:-1"},"og_locale":"pt_PT","og_type":"article","og_title":"Minha lista de produtos | DAKE","og_url":"https:\/\/dk.pixeladas.com.es\/wishlist\/","og_site_name":"DAKE","article_modified_time":"2023-03-24T09:45:15+00:00","twitter_card":"summary_large_image","schema":{"@context":"https:\/\/schema.org","@graph":[{"@type":"WebPage","@id":"https:\/\/dk.pixeladas.com.es\/wishlist\/","url":"https:\/\/dk.pixeladas.com.es\/wishlist\/","name":"Minha lista de produtos | DAKE","isPartOf":{"@id":"https:\/\/dk.pixeladas.com.es\/#website"},"datePublished":"2023-03-24T09:44:48+00:00","dateModified":"2023-03-24T09:45:15+00:00","breadcrumb":{"@id":"https:\/\/dk.pixeladas.com.es\/wishlist\/#breadcrumb"},"inLanguage":"pt-PT","potentialAction":[{"@type":"ReadAction","target":["https:\/\/dk.pixeladas.com.es\/wishlist\/"]}]},{"@type":"BreadcrumbList","@id":"https:\/\/dk.pixeladas.com.es\/wishlist\/#breadcrumb","itemListElement":[{"@type":"ListItem","position":1,"name":"Portada","item":"https:\/\/dk.pixeladas.com.es\/pt-pt\/"},{"@type":"ListItem","position":2,"name":"Minha lista de produtos"}]},{"@type":"WebSite","@id":"https:\/\/dk.pixeladas.com.es\/#website","url":"https:\/\/dk.pixeladas.com.es\/","name":"DAKE","description":"&lt;strong&gt;Pasi\u00f3n por la cocina:&lt;\/strong&gt; En DAKE, la pasi\u00f3n por la cocina es el motor que impulsa su trabajo. Creen que la cocina es el coraz\u00f3n del hogar, un espacio donde se crean momentos \u00fanicos y se comparten experiencias inolvidables. Por ello, se esfuerzan por ofrecer productos y servicios que ayuden a sus clientes a crear cocinas funcionales, bellas y duraderas.&lt;br&gt;&lt;strong&gt;Compromiso con la calidad:&lt;\/strong&gt; DAKE est\u00e1 comprometida con la calidad en todos los aspectos de su negocio. Seleccionan cuidadosamente los materiales y componentes de sus productos, y trabajan con proveedores de reconocido prestigio.&lt;br&gt;&lt;strong&gt;Innovaci\u00f3n y dise\u00f1o:&lt;\/strong&gt; DAKE apuesta por la innovaci\u00f3n y el dise\u00f1o en sus productos. Ofrecen una amplia gama de cocinas modernas y vanguardistas que se adaptan a las necesidades y gustos de cada cliente.&lt;br&gt;&lt;strong&gt;Atenci\u00f3n al cliente:&lt;\/strong&gt; En DAKE, el cliente es lo primero. Ofrecen un servicio de atenci\u00f3n al cliente personalizado y cercano, con el objetivo de satisfacer todas las necesidades de sus clientes. Adem\u00e1s, cuentan con una amplia red de distribuidores y puntos de venta en toda Espa\u00f1a, lo que les permite estar cerca de sus clientes y ofrecerles un servicio r\u00e1pido y eficaz.&lt;br&gt;&lt;strong&gt;Su pasi\u00f3n por la cocina, su compromiso con la calidad, su apuesta por la innovaci\u00f3n y el dise\u00f1o, y su atenci\u00f3n al cliente la convierten en la mejor opci\u00f3n para aquellos que buscan crear una cocina \u00fanica y especial.&lt;\/strong&gt;","publisher":{"@id":"https:\/\/dk.pixeladas.com.es\/#organization"},"potentialAction":[{"@type":"SearchAction","target":{"@type":"EntryPoint","urlTemplate":"https:\/\/dk.pixeladas.com.es\/?s={search_term_string}"},"query-input":{"@type":"PropertyValueSpecification","valueRequired":true,"valueName":"search_term_string"}}],"inLanguage":"pt-PT"},{"@type":"Organization","@id":"https:\/\/dk.pixeladas.com.es\/#organization","name":"DAKE","url":"https:\/\/dk.pixeladas.com.es\/","logo":{"@type":"ImageObject","inLanguage":"pt-PT","@id":"https:\/\/dk.pixeladas.com.es\/#\/schema\/logo\/image\/","url":"https:\/\/dk.pixeladas.com.es\/wp-content\/uploads\/2023\/09\/DAKE-ES.svg","contentUrl":"https:\/\/dk.pixeladas.com.es\/wp-content\/uploads\/2023\/09\/DAKE-ES.svg","caption":"DAKE"},"image":{"@id":"https:\/\/dk.pixeladas.com.es\/#\/schema\/logo\/image\/"}}]}},"_links":{"self":[{"href":"https:\/\/dk.pixeladas.com.es\/pt-pt\/wp-json\/wp\/v2\/pages\/52714","targetHints":{"allow":["GET"]}}],"collection":[{"href":"https:\/\/dk.pixeladas.com.es\/pt-pt\/wp-json\/wp\/v2\/pages"}],"about":[{"href":"https:\/\/dk.pixeladas.com.es\/pt-pt\/wp-json\/wp\/v2\/types\/page"}],"author":[{"embeddable":true,"href":"https:\/\/dk.pixeladas.com.es\/pt-pt\/wp-json\/wp\/v2\/users\/1"}],"replies":[{"embeddable":true,"href":"https:\/\/dk.pixeladas.com.es\/pt-pt\/wp-json\/wp\/v2\/comments?post=52714"}],"version-history":[{"count":0,"href":"https:\/\/dk.pixeladas.com.es\/pt-pt\/wp-json\/wp\/v2\/pages\/52714\/revisions"}],"wp:attachment":[{"href":"https:\/\/dk.pixeladas.com.es\/pt-pt\/wp-json\/wp\/v2\/media?parent=52714"}],"curies":[{"name":"wp","href":"https:\/\/api.w.org\/{rel}","templated":true}]}}