{"id":35897,"date":"2022-10-28T13:38:13","date_gmt":"2022-11-09T10:34:08","guid":{"rendered":"https:\/\/dake.es\/catalogo\/sem%20categoria\/select-ii\/"},"modified":"2023-02-08T13:13:51","modified_gmt":"2023-02-08T12:13:51","slug":"select-ii-2-2","status":"publish","type":"product","link":"https:\/\/dk.pixeladas.com.es\/pt-pt\/catalogo\/blanco-unit-pt-pt\/sistemas-de-seleccion-pt-pt\/select-ii-2-2\/","title":{"rendered":"SELECT II 50\/2"},"content":{"rendered":"<p>SELECT II 50\/2<\/p>\n","protected":false},"excerpt":{"rendered":"<p>* SELECT II 50\/2<\/p>\n","protected":false},"featured_media":37612,"template":"","meta":{"site-sidebar-layout":"default","site-content-layout":"default","ast-site-content-layout":"default","site-content-style":"default","site-sidebar-style":"default","ast-global-header-display":"","ast-banner-title-visibility":"","ast-main-header-display":"","ast-hfb-above-header-display":"","ast-hfb-below-header-display":"","ast-hfb-mobile-header-display":"","site-post-title":"","ast-breadcrumbs-content":"","ast-featured-img":"","footer-sml-layout":"","ast-disable-related-posts":"","theme-transparent-header-meta":"default","adv-header-id-meta":"","stick-header-meta":"default","header-above-stick-meta":"","header-main-stick-meta":"","header-below-stick-meta":"","astra-migrate-meta-layouts":"default","ast-page-background-enabled":"default","ast-page-background-meta":{"desktop":{"background-color":"","background-image":"","background-repeat":"repeat","background-position":"center center","background-size":"auto","background-attachment":"scroll","background-type":"","background-media":"","overlay-type":"","overlay-color":"","overlay-opacity":"","overlay-gradient":""},"tablet":{"background-color":"","background-image":"","background-repeat":"repeat","background-position":"center center","background-size":"auto","background-attachment":"scroll","background-type":"","background-media":"","overlay-type":"","overlay-color":"","overlay-opacity":"","overlay-gradient":""},"mobile":{"background-color":"","background-image":"","background-repeat":"repeat","background-position":"center center","background-size":"auto","background-attachment":"scroll","background-type":"","background-media":"","overlay-type":"","overlay-color":"","overlay-opacity":"","overlay-gradient":""}},"ast-content-background-meta":{"desktop":{"background-color":"var(--ast-global-color-5)","background-image":"","background-repeat":"repeat","background-position":"center center","background-size":"auto","background-attachment":"scroll","background-type":"","background-media":"","overlay-type":"","overlay-color":"","overlay-opacity":"","overlay-gradient":""},"tablet":{"background-color":"var(--ast-global-color-5)","background-image":"","background-repeat":"repeat","background-position":"center center","background-size":"auto","background-attachment":"scroll","background-type":"","background-media":"","overlay-type":"","overlay-color":"","overlay-opacity":"","overlay-gradient":""},"mobile":{"background-color":"var(--ast-global-color-5)","background-image":"","background-repeat":"repeat","background-position":"center center","background-size":"auto","background-attachment":"scroll","background-type":"","background-media":"","overlay-type":"","overlay-color":"","overlay-opacity":"","overlay-gradient":""}}},"product_brand":[],"product_cat":[521],"product_tag":[],"marcas":[355],"class_list":{"0":"post-35897","1":"product","2":"type-product","3":"status-publish","4":"has-post-thumbnail","6":"product_cat-sistemas-de-seleccion-pt-pt","7":"marcas-blanco-pt-pt","8":"desktop-align-center","9":"tablet-align-left","10":"mobile-align-left","12":"first","13":"instock","14":"shipping-taxable","15":"product-type-simple"},"yoast_head":"<!-- This site is optimized with the Yoast SEO plugin v27.5 - https:\/\/yoast.com\/product\/yoast-seo-wordpress\/ -->\n<title>SELECT II 50\/2 | DAKE<\/title>\n<meta name=\"robots\" content=\"noindex, follow, max-snippet:-1, max-image-preview:large, max-video-preview:-1\" \/>\n<meta property=\"og:locale\" content=\"pt_PT\" \/>\n<meta property=\"og:type\" content=\"article\" \/>\n<meta property=\"og:title\" content=\"SELECT II 50\/2 | DAKE\" \/>\n<meta property=\"og:description\" content=\"* SELECT II 50\/2\" \/>\n<meta property=\"og:url\" content=\"https:\/\/dk.pixeladas.com.es\/catalogo\/blanco-unit\/sistemas-seleccion\/select-ii-2\/\" \/>\n<meta property=\"og:site_name\" content=\"DAKE\" \/>\n<meta property=\"article:modified_time\" content=\"2023-02-08T12:13:51+00:00\" \/>\n<meta property=\"og:image\" content=\"https:\/\/dk.pixeladas.com.es\/wp-content\/uploads\/2022\/10\/526201_1.jpg\" \/>\n\t<meta property=\"og:image:width\" content=\"772\" \/>\n\t<meta property=\"og:image:height\" content=\"768\" \/>\n\t<meta property=\"og:image:type\" content=\"image\/jpeg\" \/>\n<meta name=\"twitter:card\" content=\"summary_large_image\" \/>\n<meta name=\"twitter:label1\" content=\"Tempo estimado de leitura\" \/>\n\t<meta name=\"twitter:data1\" content=\"1 minuto\" \/>\n<script type=\"application\/ld+json\" class=\"yoast-schema-graph\">{\"@context\":\"https:\\\/\\\/schema.org\",\"@graph\":[{\"@type\":\"WebPage\",\"@id\":\"https:\\\/\\\/dk.pixeladas.com.es\\\/catalogo\\\/blanco-unit\\\/sistemas-seleccion\\\/select-ii-2\\\/\",\"url\":\"https:\\\/\\\/dk.pixeladas.com.es\\\/catalogo\\\/blanco-unit\\\/sistemas-seleccion\\\/select-ii-2\\\/\",\"name\":\"SELECT II 50\\\/2 | DAKE\",\"isPartOf\":{\"@id\":\"https:\\\/\\\/dk.pixeladas.com.es\\\/#website\"},\"primaryImageOfPage\":{\"@id\":\"https:\\\/\\\/dk.pixeladas.com.es\\\/catalogo\\\/blanco-unit\\\/sistemas-seleccion\\\/select-ii-2\\\/#primaryimage\"},\"image\":{\"@id\":\"https:\\\/\\\/dk.pixeladas.com.es\\\/catalogo\\\/blanco-unit\\\/sistemas-seleccion\\\/select-ii-2\\\/#primaryimage\"},\"thumbnailUrl\":\"https:\\\/\\\/dk.pixeladas.com.es\\\/wp-content\\\/uploads\\\/2022\\\/10\\\/526201_1.jpg\",\"datePublished\":\"2022-11-09T10:34:08+00:00\",\"dateModified\":\"2023-02-08T12:13:51+00:00\",\"breadcrumb\":{\"@id\":\"https:\\\/\\\/dk.pixeladas.com.es\\\/catalogo\\\/blanco-unit\\\/sistemas-seleccion\\\/select-ii-2\\\/#breadcrumb\"},\"inLanguage\":\"pt-PT\",\"potentialAction\":[{\"@type\":\"ReadAction\",\"target\":[\"https:\\\/\\\/dk.pixeladas.com.es\\\/catalogo\\\/blanco-unit\\\/sistemas-seleccion\\\/select-ii-2\\\/\"]}]},{\"@type\":\"ImageObject\",\"inLanguage\":\"pt-PT\",\"@id\":\"https:\\\/\\\/dk.pixeladas.com.es\\\/catalogo\\\/blanco-unit\\\/sistemas-seleccion\\\/select-ii-2\\\/#primaryimage\",\"url\":\"https:\\\/\\\/dk.pixeladas.com.es\\\/wp-content\\\/uploads\\\/2022\\\/10\\\/526201_1.jpg\",\"contentUrl\":\"https:\\\/\\\/dk.pixeladas.com.es\\\/wp-content\\\/uploads\\\/2022\\\/10\\\/526201_1.jpg\",\"width\":772,\"height\":768},{\"@type\":\"BreadcrumbList\",\"@id\":\"https:\\\/\\\/dk.pixeladas.com.es\\\/catalogo\\\/blanco-unit\\\/sistemas-seleccion\\\/select-ii-2\\\/#breadcrumb\",\"itemListElement\":[{\"@type\":\"ListItem\",\"position\":1,\"name\":\"Portada\",\"item\":\"https:\\\/\\\/dk.pixeladas.com.es\\\/pt-pt\\\/\"},{\"@type\":\"ListItem\",\"position\":2,\"name\":\"Cat\u00e1logo\",\"item\":\"https:\\\/\\\/dk.pixeladas.com.es\\\/catalogo\\\/\"},{\"@type\":\"ListItem\",\"position\":3,\"name\":\"SELECT II 50\\\/2\"}]},{\"@type\":\"WebSite\",\"@id\":\"https:\\\/\\\/dk.pixeladas.com.es\\\/#website\",\"url\":\"https:\\\/\\\/dk.pixeladas.com.es\\\/\",\"name\":\"DAKE\",\"description\":\"&lt;strong&gt;Pasi\u00f3n por la cocina:&lt;\\\/strong&gt; En DAKE, la pasi\u00f3n por la cocina es el motor que impulsa su trabajo. Creen que la cocina es el coraz\u00f3n del hogar, un espacio donde se crean momentos \u00fanicos y se comparten experiencias inolvidables. Por ello, se esfuerzan por ofrecer productos y servicios que ayuden a sus clientes a crear cocinas funcionales, bellas y duraderas.&lt;br&gt;&lt;strong&gt;Compromiso con la calidad:&lt;\\\/strong&gt; DAKE est\u00e1 comprometida con la calidad en todos los aspectos de su negocio. Seleccionan cuidadosamente los materiales y componentes de sus productos, y trabajan con proveedores de reconocido prestigio.&lt;br&gt;&lt;strong&gt;Innovaci\u00f3n y dise\u00f1o:&lt;\\\/strong&gt; DAKE apuesta por la innovaci\u00f3n y el dise\u00f1o en sus productos. Ofrecen una amplia gama de cocinas modernas y vanguardistas que se adaptan a las necesidades y gustos de cada cliente.&lt;br&gt;&lt;strong&gt;Atenci\u00f3n al cliente:&lt;\\\/strong&gt; En DAKE, el cliente es lo primero. Ofrecen un servicio de atenci\u00f3n al cliente personalizado y cercano, con el objetivo de satisfacer todas las necesidades de sus clientes. Adem\u00e1s, cuentan con una amplia red de distribuidores y puntos de venta en toda Espa\u00f1a, lo que les permite estar cerca de sus clientes y ofrecerles un servicio r\u00e1pido y eficaz.&lt;br&gt;&lt;strong&gt;Su pasi\u00f3n por la cocina, su compromiso con la calidad, su apuesta por la innovaci\u00f3n y el dise\u00f1o, y su atenci\u00f3n al cliente la convierten en la mejor opci\u00f3n para aquellos que buscan crear una cocina \u00fanica y especial.&lt;\\\/strong&gt;\",\"publisher\":{\"@id\":\"https:\\\/\\\/dk.pixeladas.com.es\\\/#organization\"},\"potentialAction\":[{\"@type\":\"SearchAction\",\"target\":{\"@type\":\"EntryPoint\",\"urlTemplate\":\"https:\\\/\\\/dk.pixeladas.com.es\\\/?s={search_term_string}\"},\"query-input\":{\"@type\":\"PropertyValueSpecification\",\"valueRequired\":true,\"valueName\":\"search_term_string\"}}],\"inLanguage\":\"pt-PT\"},{\"@type\":\"Organization\",\"@id\":\"https:\\\/\\\/dk.pixeladas.com.es\\\/#organization\",\"name\":\"DAKE\",\"url\":\"https:\\\/\\\/dk.pixeladas.com.es\\\/\",\"logo\":{\"@type\":\"ImageObject\",\"inLanguage\":\"pt-PT\",\"@id\":\"https:\\\/\\\/dk.pixeladas.com.es\\\/#\\\/schema\\\/logo\\\/image\\\/\",\"url\":\"https:\\\/\\\/dk.pixeladas.com.es\\\/wp-content\\\/uploads\\\/2023\\\/09\\\/DAKE-ES.svg\",\"contentUrl\":\"https:\\\/\\\/dk.pixeladas.com.es\\\/wp-content\\\/uploads\\\/2023\\\/09\\\/DAKE-ES.svg\",\"caption\":\"DAKE\"},\"image\":{\"@id\":\"https:\\\/\\\/dk.pixeladas.com.es\\\/#\\\/schema\\\/logo\\\/image\\\/\"}}]}<\/script>\n<!-- \/ Yoast SEO plugin. -->","yoast_head_json":{"title":"SELECT II 50\/2 | DAKE","robots":{"index":"noindex","follow":"follow","max-snippet":"max-snippet:-1","max-image-preview":"max-image-preview:large","max-video-preview":"max-video-preview:-1"},"og_locale":"pt_PT","og_type":"article","og_title":"SELECT II 50\/2 | DAKE","og_description":"* SELECT II 50\/2","og_url":"https:\/\/dk.pixeladas.com.es\/catalogo\/blanco-unit\/sistemas-seleccion\/select-ii-2\/","og_site_name":"DAKE","article_modified_time":"2023-02-08T12:13:51+00:00","og_image":[{"width":772,"height":768,"url":"https:\/\/dk.pixeladas.com.es\/wp-content\/uploads\/2022\/10\/526201_1.jpg","type":"image\/jpeg"}],"twitter_card":"summary_large_image","twitter_misc":{"Tempo estimado de leitura":"1 minuto"},"schema":{"@context":"https:\/\/schema.org","@graph":[{"@type":"WebPage","@id":"https:\/\/dk.pixeladas.com.es\/catalogo\/blanco-unit\/sistemas-seleccion\/select-ii-2\/","url":"https:\/\/dk.pixeladas.com.es\/catalogo\/blanco-unit\/sistemas-seleccion\/select-ii-2\/","name":"SELECT II 50\/2 | DAKE","isPartOf":{"@id":"https:\/\/dk.pixeladas.com.es\/#website"},"primaryImageOfPage":{"@id":"https:\/\/dk.pixeladas.com.es\/catalogo\/blanco-unit\/sistemas-seleccion\/select-ii-2\/#primaryimage"},"image":{"@id":"https:\/\/dk.pixeladas.com.es\/catalogo\/blanco-unit\/sistemas-seleccion\/select-ii-2\/#primaryimage"},"thumbnailUrl":"https:\/\/dk.pixeladas.com.es\/wp-content\/uploads\/2022\/10\/526201_1.jpg","datePublished":"2022-11-09T10:34:08+00:00","dateModified":"2023-02-08T12:13:51+00:00","breadcrumb":{"@id":"https:\/\/dk.pixeladas.com.es\/catalogo\/blanco-unit\/sistemas-seleccion\/select-ii-2\/#breadcrumb"},"inLanguage":"pt-PT","potentialAction":[{"@type":"ReadAction","target":["https:\/\/dk.pixeladas.com.es\/catalogo\/blanco-unit\/sistemas-seleccion\/select-ii-2\/"]}]},{"@type":"ImageObject","inLanguage":"pt-PT","@id":"https:\/\/dk.pixeladas.com.es\/catalogo\/blanco-unit\/sistemas-seleccion\/select-ii-2\/#primaryimage","url":"https:\/\/dk.pixeladas.com.es\/wp-content\/uploads\/2022\/10\/526201_1.jpg","contentUrl":"https:\/\/dk.pixeladas.com.es\/wp-content\/uploads\/2022\/10\/526201_1.jpg","width":772,"height":768},{"@type":"BreadcrumbList","@id":"https:\/\/dk.pixeladas.com.es\/catalogo\/blanco-unit\/sistemas-seleccion\/select-ii-2\/#breadcrumb","itemListElement":[{"@type":"ListItem","position":1,"name":"Portada","item":"https:\/\/dk.pixeladas.com.es\/pt-pt\/"},{"@type":"ListItem","position":2,"name":"Cat\u00e1logo","item":"https:\/\/dk.pixeladas.com.es\/catalogo\/"},{"@type":"ListItem","position":3,"name":"SELECT II 50\/2"}]},{"@type":"WebSite","@id":"https:\/\/dk.pixeladas.com.es\/#website","url":"https:\/\/dk.pixeladas.com.es\/","name":"DAKE","description":"&lt;strong&gt;Pasi\u00f3n por la cocina:&lt;\/strong&gt; En DAKE, la pasi\u00f3n por la cocina es el motor que impulsa su trabajo. Creen que la cocina es el coraz\u00f3n del hogar, un espacio donde se crean momentos \u00fanicos y se comparten experiencias inolvidables. Por ello, se esfuerzan por ofrecer productos y servicios que ayuden a sus clientes a crear cocinas funcionales, bellas y duraderas.&lt;br&gt;&lt;strong&gt;Compromiso con la calidad:&lt;\/strong&gt; DAKE est\u00e1 comprometida con la calidad en todos los aspectos de su negocio. Seleccionan cuidadosamente los materiales y componentes de sus productos, y trabajan con proveedores de reconocido prestigio.&lt;br&gt;&lt;strong&gt;Innovaci\u00f3n y dise\u00f1o:&lt;\/strong&gt; DAKE apuesta por la innovaci\u00f3n y el dise\u00f1o en sus productos. Ofrecen una amplia gama de cocinas modernas y vanguardistas que se adaptan a las necesidades y gustos de cada cliente.&lt;br&gt;&lt;strong&gt;Atenci\u00f3n al cliente:&lt;\/strong&gt; En DAKE, el cliente es lo primero. Ofrecen un servicio de atenci\u00f3n al cliente personalizado y cercano, con el objetivo de satisfacer todas las necesidades de sus clientes. Adem\u00e1s, cuentan con una amplia red de distribuidores y puntos de venta en toda Espa\u00f1a, lo que les permite estar cerca de sus clientes y ofrecerles un servicio r\u00e1pido y eficaz.&lt;br&gt;&lt;strong&gt;Su pasi\u00f3n por la cocina, su compromiso con la calidad, su apuesta por la innovaci\u00f3n y el dise\u00f1o, y su atenci\u00f3n al cliente la convierten en la mejor opci\u00f3n para aquellos que buscan crear una cocina \u00fanica y especial.&lt;\/strong&gt;","publisher":{"@id":"https:\/\/dk.pixeladas.com.es\/#organization"},"potentialAction":[{"@type":"SearchAction","target":{"@type":"EntryPoint","urlTemplate":"https:\/\/dk.pixeladas.com.es\/?s={search_term_string}"},"query-input":{"@type":"PropertyValueSpecification","valueRequired":true,"valueName":"search_term_string"}}],"inLanguage":"pt-PT"},{"@type":"Organization","@id":"https:\/\/dk.pixeladas.com.es\/#organization","name":"DAKE","url":"https:\/\/dk.pixeladas.com.es\/","logo":{"@type":"ImageObject","inLanguage":"pt-PT","@id":"https:\/\/dk.pixeladas.com.es\/#\/schema\/logo\/image\/","url":"https:\/\/dk.pixeladas.com.es\/wp-content\/uploads\/2023\/09\/DAKE-ES.svg","contentUrl":"https:\/\/dk.pixeladas.com.es\/wp-content\/uploads\/2023\/09\/DAKE-ES.svg","caption":"DAKE"},"image":{"@id":"https:\/\/dk.pixeladas.com.es\/#\/schema\/logo\/image\/"}}]}},"_links":{"self":[{"href":"https:\/\/dk.pixeladas.com.es\/pt-pt\/wp-json\/wp\/v2\/product\/35897","targetHints":{"allow":["GET"]}}],"collection":[{"href":"https:\/\/dk.pixeladas.com.es\/pt-pt\/wp-json\/wp\/v2\/product"}],"about":[{"href":"https:\/\/dk.pixeladas.com.es\/pt-pt\/wp-json\/wp\/v2\/types\/product"}],"wp:featuredmedia":[{"embeddable":true,"href":"https:\/\/dk.pixeladas.com.es\/pt-pt\/wp-json\/wp\/v2\/media\/37612"}],"wp:attachment":[{"href":"https:\/\/dk.pixeladas.com.es\/pt-pt\/wp-json\/wp\/v2\/media?parent=35897"}],"wp:term":[{"taxonomy":"product_brand","embeddable":true,"href":"https:\/\/dk.pixeladas.com.es\/pt-pt\/wp-json\/wp\/v2\/product_brand?post=35897"},{"taxonomy":"product_cat","embeddable":true,"href":"https:\/\/dk.pixeladas.com.es\/pt-pt\/wp-json\/wp\/v2\/product_cat?post=35897"},{"taxonomy":"product_tag","embeddable":true,"href":"https:\/\/dk.pixeladas.com.es\/pt-pt\/wp-json\/wp\/v2\/product_tag?post=35897"},{"taxonomy":"marcas","embeddable":true,"href":"https:\/\/dk.pixeladas.com.es\/pt-pt\/wp-json\/wp\/v2\/marcas?post=35897"}],"curies":[{"name":"wp","href":"https:\/\/api.w.org\/{rel}","templated":true}]}}