{"id":36445,"date":"2022-07-22T15:46:10","date_gmt":"2022-11-13T10:44:25","guid":{"rendered":"https:\/\/dake.es\/catalogo\/sem%20categoria\/processador-varimixer-blanco\/"},"modified":"2023-06-06T15:01:41","modified_gmt":"2023-06-06T13:01:41","slug":"processador-varimixer-branco","status":"publish","type":"product","link":"https:\/\/dk.pixeladas.com.es\/pt-pt\/catalogo\/all-in-one-pt-pt\/processadores-de-alimentos\/processador-varimixer-branco\/","title":{"rendered":"PROCESSADOR VARIMIXER BLANCO"},"content":{"rendered":"<p>Este robot de cozinha Varimixer M0058301Z serve para m\u00faltiplas tarefas da cozinha com uma pot\u00eancia m\u00e1xima de 300 W, 5 velocidades. O motor pode processar inclusive os ingredientes mais duros. Pode amassar facilmente massas pesadas. Tem uma cobertura de 360 \u200b\u200bgraus para uma mistura dos ingredientes completa. Com uma capacidade de 5 litros, pode preparar inclusive grandes por\u00e7\u00f5es de massa ao mesmo tempo.<\/p>\n","protected":false},"excerpt":{"rendered":"<p>Processador de alimentos com 5 litros de capacidade, em branco<\/p>\n","protected":false},"featured_media":8085,"template":"","meta":{"site-sidebar-layout":"default","site-content-layout":"default","ast-site-content-layout":"default","site-content-style":"default","site-sidebar-style":"default","ast-global-header-display":"","ast-banner-title-visibility":"","ast-main-header-display":"","ast-hfb-above-header-display":"","ast-hfb-below-header-display":"","ast-hfb-mobile-header-display":"","site-post-title":"","ast-breadcrumbs-content":"","ast-featured-img":"","footer-sml-layout":"","ast-disable-related-posts":"","theme-transparent-header-meta":"default","adv-header-id-meta":"","stick-header-meta":"default","header-above-stick-meta":"","header-main-stick-meta":"","header-below-stick-meta":"","astra-migrate-meta-layouts":"default","ast-page-background-enabled":"default","ast-page-background-meta":{"desktop":{"background-color":"","background-image":"","background-repeat":"repeat","background-position":"center center","background-size":"auto","background-attachment":"scroll","background-type":"","background-media":"","overlay-type":"","overlay-color":"","overlay-opacity":"","overlay-gradient":""},"tablet":{"background-color":"","background-image":"","background-repeat":"repeat","background-position":"center center","background-size":"auto","background-attachment":"scroll","background-type":"","background-media":"","overlay-type":"","overlay-color":"","overlay-opacity":"","overlay-gradient":""},"mobile":{"background-color":"","background-image":"","background-repeat":"repeat","background-position":"center center","background-size":"auto","background-attachment":"scroll","background-type":"","background-media":"","overlay-type":"","overlay-color":"","overlay-opacity":"","overlay-gradient":""}},"ast-content-background-meta":{"desktop":{"background-color":"var(--ast-global-color-5)","background-image":"","background-repeat":"repeat","background-position":"center center","background-size":"auto","background-attachment":"scroll","background-type":"","background-media":"","overlay-type":"","overlay-color":"","overlay-opacity":"","overlay-gradient":""},"tablet":{"background-color":"var(--ast-global-color-5)","background-image":"","background-repeat":"repeat","background-position":"center center","background-size":"auto","background-attachment":"scroll","background-type":"","background-media":"","overlay-type":"","overlay-color":"","overlay-opacity":"","overlay-gradient":""},"mobile":{"background-color":"var(--ast-global-color-5)","background-image":"","background-repeat":"repeat","background-position":"center center","background-size":"auto","background-attachment":"scroll","background-type":"","background-media":"","overlay-type":"","overlay-color":"","overlay-opacity":"","overlay-gradient":""}}},"product_brand":[],"product_cat":[669,622],"product_tag":[660,661,481,663,662,659,665,664],"marcas":[566],"class_list":{"0":"post-36445","1":"product","2":"type-product","3":"status-publish","4":"has-post-thumbnail","6":"product_cat-all-in-one-pt-pt","7":"product_cat-processadores-de-alimentos","8":"product_tag-amassar","9":"product_tag-bater","10":"product_tag-branco","11":"product_tag-misturar","12":"product_tag-montar-pt-pt","13":"product_tag-processador-alimentos","14":"product_tag-robot-cozinha","15":"product_tag-sobremesas","16":"marcas-varimixer-pt-pt","17":"desktop-align-center","18":"tablet-align-left","19":"mobile-align-left","21":"first","22":"instock","23":"shipping-taxable","24":"purchasable","25":"product-type-variable"},"yoast_head":"<!-- This site is optimized with the Yoast SEO plugin v27.5 - https:\/\/yoast.com\/product\/yoast-seo-wordpress\/ -->\n<title>PROCESSADOR VARIMIXER BLANCO | DAKE<\/title>\n<meta name=\"robots\" content=\"noindex, follow, max-snippet:-1, max-image-preview:large, max-video-preview:-1\" \/>\n<meta property=\"og:locale\" content=\"pt_PT\" \/>\n<meta property=\"og:type\" content=\"article\" \/>\n<meta property=\"og:title\" content=\"PROCESSADOR VARIMIXER BLANCO | DAKE\" \/>\n<meta property=\"og:description\" content=\"Processador de alimentos com 5 litros de capacidade, em branco\" \/>\n<meta property=\"og:url\" content=\"https:\/\/dk.pixeladas.com.es\/catalogo\/all-in-one\/procesadores-alimentos\/procesador-varimixer\/\" \/>\n<meta property=\"og:site_name\" content=\"DAKE\" \/>\n<meta property=\"article:modified_time\" content=\"2023-06-06T13:01:41+00:00\" \/>\n<meta property=\"og:image\" content=\"https:\/\/dk.pixeladas.com.es\/wp-content\/uploads\/2022\/07\/M0058301Z-01-e1698654000508.jpg\" \/>\n\t<meta property=\"og:image:width\" content=\"1080\" \/>\n\t<meta property=\"og:image:height\" content=\"1350\" \/>\n\t<meta property=\"og:image:type\" content=\"image\/jpeg\" \/>\n<meta name=\"twitter:card\" content=\"summary_large_image\" \/>\n<script type=\"application\/ld+json\" class=\"yoast-schema-graph\">{\"@context\":\"https:\\\/\\\/schema.org\",\"@graph\":[{\"@type\":\"WebPage\",\"@id\":\"https:\\\/\\\/dk.pixeladas.com.es\\\/catalogo\\\/all-in-one\\\/procesadores-alimentos\\\/procesador-varimixer\\\/\",\"url\":\"https:\\\/\\\/dk.pixeladas.com.es\\\/catalogo\\\/all-in-one\\\/procesadores-alimentos\\\/procesador-varimixer\\\/\",\"name\":\"PROCESSADOR VARIMIXER BLANCO | DAKE\",\"isPartOf\":{\"@id\":\"https:\\\/\\\/dk.pixeladas.com.es\\\/#website\"},\"primaryImageOfPage\":{\"@id\":\"https:\\\/\\\/dk.pixeladas.com.es\\\/catalogo\\\/all-in-one\\\/procesadores-alimentos\\\/procesador-varimixer\\\/#primaryimage\"},\"image\":{\"@id\":\"https:\\\/\\\/dk.pixeladas.com.es\\\/catalogo\\\/all-in-one\\\/procesadores-alimentos\\\/procesador-varimixer\\\/#primaryimage\"},\"thumbnailUrl\":\"https:\\\/\\\/dk.pixeladas.com.es\\\/wp-content\\\/uploads\\\/2022\\\/07\\\/M0058301Z-01-e1698654000508.jpg\",\"datePublished\":\"2022-11-13T10:44:25+00:00\",\"dateModified\":\"2023-06-06T13:01:41+00:00\",\"breadcrumb\":{\"@id\":\"https:\\\/\\\/dk.pixeladas.com.es\\\/catalogo\\\/all-in-one\\\/procesadores-alimentos\\\/procesador-varimixer\\\/#breadcrumb\"},\"inLanguage\":\"pt-PT\",\"potentialAction\":[{\"@type\":\"ReadAction\",\"target\":[\"https:\\\/\\\/dk.pixeladas.com.es\\\/catalogo\\\/all-in-one\\\/procesadores-alimentos\\\/procesador-varimixer\\\/\"]}]},{\"@type\":\"ImageObject\",\"inLanguage\":\"pt-PT\",\"@id\":\"https:\\\/\\\/dk.pixeladas.com.es\\\/catalogo\\\/all-in-one\\\/procesadores-alimentos\\\/procesador-varimixer\\\/#primaryimage\",\"url\":\"https:\\\/\\\/dk.pixeladas.com.es\\\/wp-content\\\/uploads\\\/2022\\\/07\\\/M0058301Z-01-e1698654000508.jpg\",\"contentUrl\":\"https:\\\/\\\/dk.pixeladas.com.es\\\/wp-content\\\/uploads\\\/2022\\\/07\\\/M0058301Z-01-e1698654000508.jpg\",\"width\":873,\"height\":1224},{\"@type\":\"BreadcrumbList\",\"@id\":\"https:\\\/\\\/dk.pixeladas.com.es\\\/catalogo\\\/all-in-one\\\/procesadores-alimentos\\\/procesador-varimixer\\\/#breadcrumb\",\"itemListElement\":[{\"@type\":\"ListItem\",\"position\":1,\"name\":\"Portada\",\"item\":\"https:\\\/\\\/dk.pixeladas.com.es\\\/pt-pt\\\/\"},{\"@type\":\"ListItem\",\"position\":2,\"name\":\"Cat\u00e1logo\",\"item\":\"https:\\\/\\\/dk.pixeladas.com.es\\\/catalogo\\\/\"},{\"@type\":\"ListItem\",\"position\":3,\"name\":\"PROCESSADOR VARIMIXER BLANCO\"}]},{\"@type\":\"WebSite\",\"@id\":\"https:\\\/\\\/dk.pixeladas.com.es\\\/#website\",\"url\":\"https:\\\/\\\/dk.pixeladas.com.es\\\/\",\"name\":\"DAKE\",\"description\":\"&lt;strong&gt;Pasi\u00f3n por la cocina:&lt;\\\/strong&gt; En DAKE, la pasi\u00f3n por la cocina es el motor que impulsa su trabajo. Creen que la cocina es el coraz\u00f3n del hogar, un espacio donde se crean momentos \u00fanicos y se comparten experiencias inolvidables. Por ello, se esfuerzan por ofrecer productos y servicios que ayuden a sus clientes a crear cocinas funcionales, bellas y duraderas.&lt;br&gt;&lt;strong&gt;Compromiso con la calidad:&lt;\\\/strong&gt; DAKE est\u00e1 comprometida con la calidad en todos los aspectos de su negocio. Seleccionan cuidadosamente los materiales y componentes de sus productos, y trabajan con proveedores de reconocido prestigio.&lt;br&gt;&lt;strong&gt;Innovaci\u00f3n y dise\u00f1o:&lt;\\\/strong&gt; DAKE apuesta por la innovaci\u00f3n y el dise\u00f1o en sus productos. Ofrecen una amplia gama de cocinas modernas y vanguardistas que se adaptan a las necesidades y gustos de cada cliente.&lt;br&gt;&lt;strong&gt;Atenci\u00f3n al cliente:&lt;\\\/strong&gt; En DAKE, el cliente es lo primero. Ofrecen un servicio de atenci\u00f3n al cliente personalizado y cercano, con el objetivo de satisfacer todas las necesidades de sus clientes. Adem\u00e1s, cuentan con una amplia red de distribuidores y puntos de venta en toda Espa\u00f1a, lo que les permite estar cerca de sus clientes y ofrecerles un servicio r\u00e1pido y eficaz.&lt;br&gt;&lt;strong&gt;Su pasi\u00f3n por la cocina, su compromiso con la calidad, su apuesta por la innovaci\u00f3n y el dise\u00f1o, y su atenci\u00f3n al cliente la convierten en la mejor opci\u00f3n para aquellos que buscan crear una cocina \u00fanica y especial.&lt;\\\/strong&gt;\",\"publisher\":{\"@id\":\"https:\\\/\\\/dk.pixeladas.com.es\\\/#organization\"},\"potentialAction\":[{\"@type\":\"SearchAction\",\"target\":{\"@type\":\"EntryPoint\",\"urlTemplate\":\"https:\\\/\\\/dk.pixeladas.com.es\\\/?s={search_term_string}\"},\"query-input\":{\"@type\":\"PropertyValueSpecification\",\"valueRequired\":true,\"valueName\":\"search_term_string\"}}],\"inLanguage\":\"pt-PT\"},{\"@type\":\"Organization\",\"@id\":\"https:\\\/\\\/dk.pixeladas.com.es\\\/#organization\",\"name\":\"DAKE\",\"url\":\"https:\\\/\\\/dk.pixeladas.com.es\\\/\",\"logo\":{\"@type\":\"ImageObject\",\"inLanguage\":\"pt-PT\",\"@id\":\"https:\\\/\\\/dk.pixeladas.com.es\\\/#\\\/schema\\\/logo\\\/image\\\/\",\"url\":\"https:\\\/\\\/dk.pixeladas.com.es\\\/wp-content\\\/uploads\\\/2023\\\/09\\\/DAKE-ES.svg\",\"contentUrl\":\"https:\\\/\\\/dk.pixeladas.com.es\\\/wp-content\\\/uploads\\\/2023\\\/09\\\/DAKE-ES.svg\",\"caption\":\"DAKE\"},\"image\":{\"@id\":\"https:\\\/\\\/dk.pixeladas.com.es\\\/#\\\/schema\\\/logo\\\/image\\\/\"}}]}<\/script>\n<!-- \/ Yoast SEO plugin. -->","yoast_head_json":{"title":"PROCESSADOR VARIMIXER BLANCO | DAKE","robots":{"index":"noindex","follow":"follow","max-snippet":"max-snippet:-1","max-image-preview":"max-image-preview:large","max-video-preview":"max-video-preview:-1"},"og_locale":"pt_PT","og_type":"article","og_title":"PROCESSADOR VARIMIXER BLANCO | DAKE","og_description":"Processador de alimentos com 5 litros de capacidade, em branco","og_url":"https:\/\/dk.pixeladas.com.es\/catalogo\/all-in-one\/procesadores-alimentos\/procesador-varimixer\/","og_site_name":"DAKE","article_modified_time":"2023-06-06T13:01:41+00:00","og_image":[{"width":1080,"height":1350,"url":"https:\/\/dk.pixeladas.com.es\/wp-content\/uploads\/2022\/07\/M0058301Z-01-e1698654000508.jpg","type":"image\/jpeg"}],"twitter_card":"summary_large_image","schema":{"@context":"https:\/\/schema.org","@graph":[{"@type":"WebPage","@id":"https:\/\/dk.pixeladas.com.es\/catalogo\/all-in-one\/procesadores-alimentos\/procesador-varimixer\/","url":"https:\/\/dk.pixeladas.com.es\/catalogo\/all-in-one\/procesadores-alimentos\/procesador-varimixer\/","name":"PROCESSADOR VARIMIXER BLANCO | DAKE","isPartOf":{"@id":"https:\/\/dk.pixeladas.com.es\/#website"},"primaryImageOfPage":{"@id":"https:\/\/dk.pixeladas.com.es\/catalogo\/all-in-one\/procesadores-alimentos\/procesador-varimixer\/#primaryimage"},"image":{"@id":"https:\/\/dk.pixeladas.com.es\/catalogo\/all-in-one\/procesadores-alimentos\/procesador-varimixer\/#primaryimage"},"thumbnailUrl":"https:\/\/dk.pixeladas.com.es\/wp-content\/uploads\/2022\/07\/M0058301Z-01-e1698654000508.jpg","datePublished":"2022-11-13T10:44:25+00:00","dateModified":"2023-06-06T13:01:41+00:00","breadcrumb":{"@id":"https:\/\/dk.pixeladas.com.es\/catalogo\/all-in-one\/procesadores-alimentos\/procesador-varimixer\/#breadcrumb"},"inLanguage":"pt-PT","potentialAction":[{"@type":"ReadAction","target":["https:\/\/dk.pixeladas.com.es\/catalogo\/all-in-one\/procesadores-alimentos\/procesador-varimixer\/"]}]},{"@type":"ImageObject","inLanguage":"pt-PT","@id":"https:\/\/dk.pixeladas.com.es\/catalogo\/all-in-one\/procesadores-alimentos\/procesador-varimixer\/#primaryimage","url":"https:\/\/dk.pixeladas.com.es\/wp-content\/uploads\/2022\/07\/M0058301Z-01-e1698654000508.jpg","contentUrl":"https:\/\/dk.pixeladas.com.es\/wp-content\/uploads\/2022\/07\/M0058301Z-01-e1698654000508.jpg","width":873,"height":1224},{"@type":"BreadcrumbList","@id":"https:\/\/dk.pixeladas.com.es\/catalogo\/all-in-one\/procesadores-alimentos\/procesador-varimixer\/#breadcrumb","itemListElement":[{"@type":"ListItem","position":1,"name":"Portada","item":"https:\/\/dk.pixeladas.com.es\/pt-pt\/"},{"@type":"ListItem","position":2,"name":"Cat\u00e1logo","item":"https:\/\/dk.pixeladas.com.es\/catalogo\/"},{"@type":"ListItem","position":3,"name":"PROCESSADOR VARIMIXER BLANCO"}]},{"@type":"WebSite","@id":"https:\/\/dk.pixeladas.com.es\/#website","url":"https:\/\/dk.pixeladas.com.es\/","name":"DAKE","description":"&lt;strong&gt;Pasi\u00f3n por la cocina:&lt;\/strong&gt; En DAKE, la pasi\u00f3n por la cocina es el motor que impulsa su trabajo. Creen que la cocina es el coraz\u00f3n del hogar, un espacio donde se crean momentos \u00fanicos y se comparten experiencias inolvidables. Por ello, se esfuerzan por ofrecer productos y servicios que ayuden a sus clientes a crear cocinas funcionales, bellas y duraderas.&lt;br&gt;&lt;strong&gt;Compromiso con la calidad:&lt;\/strong&gt; DAKE est\u00e1 comprometida con la calidad en todos los aspectos de su negocio. Seleccionan cuidadosamente los materiales y componentes de sus productos, y trabajan con proveedores de reconocido prestigio.&lt;br&gt;&lt;strong&gt;Innovaci\u00f3n y dise\u00f1o:&lt;\/strong&gt; DAKE apuesta por la innovaci\u00f3n y el dise\u00f1o en sus productos. Ofrecen una amplia gama de cocinas modernas y vanguardistas que se adaptan a las necesidades y gustos de cada cliente.&lt;br&gt;&lt;strong&gt;Atenci\u00f3n al cliente:&lt;\/strong&gt; En DAKE, el cliente es lo primero. Ofrecen un servicio de atenci\u00f3n al cliente personalizado y cercano, con el objetivo de satisfacer todas las necesidades de sus clientes. Adem\u00e1s, cuentan con una amplia red de distribuidores y puntos de venta en toda Espa\u00f1a, lo que les permite estar cerca de sus clientes y ofrecerles un servicio r\u00e1pido y eficaz.&lt;br&gt;&lt;strong&gt;Su pasi\u00f3n por la cocina, su compromiso con la calidad, su apuesta por la innovaci\u00f3n y el dise\u00f1o, y su atenci\u00f3n al cliente la convierten en la mejor opci\u00f3n para aquellos que buscan crear una cocina \u00fanica y especial.&lt;\/strong&gt;","publisher":{"@id":"https:\/\/dk.pixeladas.com.es\/#organization"},"potentialAction":[{"@type":"SearchAction","target":{"@type":"EntryPoint","urlTemplate":"https:\/\/dk.pixeladas.com.es\/?s={search_term_string}"},"query-input":{"@type":"PropertyValueSpecification","valueRequired":true,"valueName":"search_term_string"}}],"inLanguage":"pt-PT"},{"@type":"Organization","@id":"https:\/\/dk.pixeladas.com.es\/#organization","name":"DAKE","url":"https:\/\/dk.pixeladas.com.es\/","logo":{"@type":"ImageObject","inLanguage":"pt-PT","@id":"https:\/\/dk.pixeladas.com.es\/#\/schema\/logo\/image\/","url":"https:\/\/dk.pixeladas.com.es\/wp-content\/uploads\/2023\/09\/DAKE-ES.svg","contentUrl":"https:\/\/dk.pixeladas.com.es\/wp-content\/uploads\/2023\/09\/DAKE-ES.svg","caption":"DAKE"},"image":{"@id":"https:\/\/dk.pixeladas.com.es\/#\/schema\/logo\/image\/"}}]}},"_links":{"self":[{"href":"https:\/\/dk.pixeladas.com.es\/pt-pt\/wp-json\/wp\/v2\/product\/36445","targetHints":{"allow":["GET"]}}],"collection":[{"href":"https:\/\/dk.pixeladas.com.es\/pt-pt\/wp-json\/wp\/v2\/product"}],"about":[{"href":"https:\/\/dk.pixeladas.com.es\/pt-pt\/wp-json\/wp\/v2\/types\/product"}],"wp:featuredmedia":[{"embeddable":true,"href":"https:\/\/dk.pixeladas.com.es\/pt-pt\/wp-json\/wp\/v2\/media\/8085"}],"wp:attachment":[{"href":"https:\/\/dk.pixeladas.com.es\/pt-pt\/wp-json\/wp\/v2\/media?parent=36445"}],"wp:term":[{"taxonomy":"product_brand","embeddable":true,"href":"https:\/\/dk.pixeladas.com.es\/pt-pt\/wp-json\/wp\/v2\/product_brand?post=36445"},{"taxonomy":"product_cat","embeddable":true,"href":"https:\/\/dk.pixeladas.com.es\/pt-pt\/wp-json\/wp\/v2\/product_cat?post=36445"},{"taxonomy":"product_tag","embeddable":true,"href":"https:\/\/dk.pixeladas.com.es\/pt-pt\/wp-json\/wp\/v2\/product_tag?post=36445"},{"taxonomy":"marcas","embeddable":true,"href":"https:\/\/dk.pixeladas.com.es\/pt-pt\/wp-json\/wp\/v2\/marcas?post=36445"}],"curies":[{"name":"wp","href":"https:\/\/api.w.org\/{rel}","templated":true}]}}